{"id":2348,"date":"2024-03-28T10:27:53","date_gmt":"2024-03-28T09:27:53","guid":{"rendered":"https:\/\/www.lacloseriedeauville.com\/?page_id=2348"},"modified":"2024-03-28T10:43:41","modified_gmt":"2024-03-28T09:43:41","slug":"wochenende-deauville-spa","status":"publish","type":"page","link":"https:\/\/www.lacloseriedeauville.com\/de\/wochenende-deauville-spa\/","title":{"rendered":"Wochenende Deauville spa"},"content":{"rendered":"<div data-elementor-type=\"wp-page\" data-elementor-id=\"2348\" class=\"elementor elementor-2348\" data-elementor-post-type=\"page\">\n\t\t\t\t<div class=\"elementor-element elementor-element-5bc38e8a e-flex e-con-boxed e-con e-parent\" data-id=\"5bc38e8a\" data-element_type=\"container\" data-settings=\"{&quot;background_background&quot;:&quot;classic&quot;}\">\n\t\t\t\t\t<div class=\"e-con-inner\">\n\t\t\t\t<div class=\"elementor-element elementor-element-5ba1b4c3 elementor-widget elementor-widget-heading\" data-id=\"5ba1b4c3\" data-element_type=\"widget\" data-widget_type=\"heading.default\">\n\t\t\t\t<div class=\"elementor-widget-container\">\n\t\t\t\t\t<h1 class=\"elementor-heading-title elementor-size-default\">Wochenende in Deauville spa : Priorit\u00e4t f\u00fcr das Wohlbefinden<\/h1>\t\t\t\t<\/div>\n\t\t\t\t<\/div>\n\t\t\t\t<div class=\"elementor-element elementor-element-3d4846b elementor-widget elementor-widget-heading\" data-id=\"3d4846b\" data-element_type=\"widget\" data-widget_type=\"heading.default\">\n\t\t\t\t<div class=\"elementor-widget-container\">\n\t\t\t\t\t<span class=\"elementor-heading-title elementor-size-default\">Entdecken Sie La Closerie<\/span>\t\t\t\t<\/div>\n\t\t\t\t<\/div>\n\t\t\t\t<div class=\"elementor-element elementor-element-75a5de64 elementor-widget elementor-widget-button\" data-id=\"75a5de64\" data-element_type=\"widget\" data-widget_type=\"button.default\">\n\t\t\t\t<div class=\"elementor-widget-container\">\n\t\t\t\t\t\t\t\t\t<div class=\"elementor-button-wrapper\">\n\t\t\t\t\t<a class=\"elementor-button elementor-button-link elementor-size-sm\" href=\"#suite\">\n\t\t\t\t\t\t<span class=\"elementor-button-content-wrapper\">\n\t\t\t\t\t\t\t\t\t<span class=\"elementor-button-text\">Ich entdecke<\/span>\n\t\t\t\t\t<\/span>\n\t\t\t\t\t<\/a>\n\t\t\t\t<\/div>\n\t\t\t\t\t\t\t\t<\/div>\n\t\t\t\t<\/div>\n\t\t\t\t<div class=\"elementor-element elementor-element-19fe3a53 elementor-view-default elementor-widget elementor-widget-icon\" data-id=\"19fe3a53\" data-element_type=\"widget\" data-widget_type=\"icon.default\">\n\t\t\t\t<div class=\"elementor-widget-container\">\n\t\t\t\t\t\t\t<div class=\"elementor-icon-wrapper\">\n\t\t\t<a class=\"elementor-icon\" href=\"#suite\">\n\t\t\t<svg xmlns=\"http:\/\/www.w3.org\/2000\/svg\" width=\"32\" height=\"32\" viewbox=\"0 0 32 32\" fill=\"none\"><path d=\"M31 9.74805L16.7067 24.04C16.6139 24.133 16.5037 24.2066 16.3825 24.2568C16.2612 24.3072 16.1312 24.3331 16 24.3331C15.8688 24.3331 15.7388 24.3072 15.6175 24.2568C15.4963 24.2066 15.3861 24.133 15.2933 24.04L1 9.74805\" stroke=\"white\" stroke-width=\"2\" stroke-linecap=\"round\" stroke-linejoin=\"round\"><\/path><\/svg>\t\t\t<\/a>\n\t\t<\/div>\n\t\t\t\t\t\t<\/div>\n\t\t\t\t<\/div>\n\t\t\t\t\t<\/div>\n\t\t\t\t<\/div>\n\t\t<div class=\"elementor-element elementor-element-315aa362 e-flex e-con-boxed e-con e-parent\" data-id=\"315aa362\" data-element_type=\"container\" id=\"suite\">\n\t\t\t\t\t<div class=\"e-con-inner\">\n\t\t<div class=\"elementor-element elementor-element-2bf1ef0e e-con-full e-flex e-con e-child\" data-id=\"2bf1ef0e\" data-element_type=\"container\">\n\t\t\t\t<div class=\"elementor-element elementor-element-2dbd1eee elementor-widget__width-inherit elementor-widget elementor-widget-image\" data-id=\"2dbd1eee\" data-element_type=\"widget\" data-widget_type=\"image.default\">\n\t\t\t\t<div class=\"elementor-widget-container\">\n\t\t\t\t\t\t\t\t\t\t\t\t\t\t\t<img fetchpriority=\"high\" decoding=\"async\" width=\"800\" height=\"534\" src=\"https:\/\/www.lacloseriedeauville.com\/wp-content\/uploads\/2024\/03\/iStock-176883885-1024x683.jpg\" class=\"attachment-large size-large wp-image-2350\" alt=\"bunte sonnenschirme - hotel in deauville mit pool\" srcset=\"https:\/\/www.lacloseriedeauville.com\/wp-content\/uploads\/2024\/03\/iStock-176883885-1024x683.jpg 1024w, https:\/\/www.lacloseriedeauville.com\/wp-content\/uploads\/2024\/03\/iStock-176883885-300x200.jpg 300w, https:\/\/www.lacloseriedeauville.com\/wp-content\/uploads\/2024\/03\/iStock-176883885-768x512.jpg 768w, https:\/\/www.lacloseriedeauville.com\/wp-content\/uploads\/2024\/03\/iStock-176883885-18x12.jpg 18w, https:\/\/www.lacloseriedeauville.com\/wp-content\/uploads\/2024\/03\/iStock-176883885.jpg 1254w\" sizes=\"(max-width: 800px) 100vw, 800px\" title=\"\">\t\t\t\t\t\t\t\t\t\t\t\t\t\t\t<\/div>\n\t\t\t\t<\/div>\n\t\t\t\t<\/div>\n\t\t<div class=\"elementor-element elementor-element-dcca8ba e-con-full e-flex e-con e-child\" data-id=\"dcca8ba\" data-element_type=\"container\">\n\t\t<div class=\"elementor-element elementor-element-5f9adc5d e-con-full e-flex e-con e-child\" data-id=\"5f9adc5d\" data-element_type=\"container\">\n\t\t\t\t<div class=\"elementor-element elementor-element-ce0e45f elementor-widget elementor-widget-heading\" data-id=\"ce0e45f\" data-element_type=\"widget\" data-widget_type=\"heading.default\">\n\t\t\t\t<div class=\"elementor-widget-container\">\n\t\t\t\t\t<h2 class=\"elementor-heading-title elementor-size-default\">Sich in Deauville erholen<\/h2>\t\t\t\t<\/div>\n\t\t\t\t<\/div>\n\t\t\t\t<div class=\"elementor-element elementor-element-5aa85e3 elementor-widget-divider--view-line elementor-widget elementor-widget-divider\" data-id=\"5aa85e3\" data-element_type=\"widget\" data-widget_type=\"divider.default\">\n\t\t\t\t<div class=\"elementor-widget-container\">\n\t\t\t\t\t\t\t<div class=\"elementor-divider\">\n\t\t\t<span class=\"elementor-divider-separator\">\n\t\t\t\t\t\t<\/span>\n\t\t<\/div>\n\t\t\t\t\t\t<\/div>\n\t\t\t\t<\/div>\n\t\t\t\t<\/div>\n\t\t\t\t<div class=\"elementor-element elementor-element-4a446247 elementor-widget elementor-widget-heading\" data-id=\"4a446247\" data-element_type=\"widget\" data-widget_type=\"heading.default\">\n\t\t\t\t<div class=\"elementor-widget-container\">\n\t\t\t\t\t<p class=\"elementor-heading-title elementor-size-default\">Bei einem Wochenende in Deauville zwischen Wellness und Entdeckungen lassen sich die Reisenden vom Charme der Hotelresidenz La Closerie verf\u00fchren. Die Anlage ist das Schmuckk\u00e4stchen f\u00fcr Momente der Entspannung und des Wohlbefindens an der C\u00f4te Fleurie in einer traumhaften Umgebung. In idealer Lage bietet es 4-Sterne-Leistungen und erstklassigen Service f\u00fcr Verliebte, Familien und Berufst\u00e4tige auf der Suche nach einer Auszeit.<\/p>\t\t\t\t<\/div>\n\t\t\t\t<\/div>\n\t\t\t\t<\/div>\n\t\t\t\t\t<\/div>\n\t\t\t\t<\/div>\n\t\t<div class=\"elementor-element elementor-element-4008e677 e-flex e-con-boxed e-con e-parent\" data-id=\"4008e677\" data-element_type=\"container\">\n\t\t\t\t\t<div class=\"e-con-inner\">\n\t\t<div class=\"elementor-element elementor-element-4052eab e-con-full e-flex e-con e-child\" data-id=\"4052eab\" data-element_type=\"container\">\n\t\t<div class=\"elementor-element elementor-element-7061118 e-con-full e-flex e-con e-child\" data-id=\"7061118\" data-element_type=\"container\">\n\t\t\t\t<div class=\"elementor-element elementor-element-422195d2 elementor-widget elementor-widget-heading\" data-id=\"422195d2\" data-element_type=\"widget\" data-widget_type=\"heading.default\">\n\t\t\t\t<div class=\"elementor-widget-container\">\n\t\t\t\t\t<h2 class=\"elementor-heading-title elementor-size-default\">Aufenthalt in einem 4-Sterne-Hotel mit Spa in Deauville<\/h2>\t\t\t\t<\/div>\n\t\t\t\t<\/div>\n\t\t\t\t<div class=\"elementor-element elementor-element-7adc78fd elementor-widget-divider--view-line elementor-widget elementor-widget-divider\" data-id=\"7adc78fd\" data-element_type=\"widget\" data-widget_type=\"divider.default\">\n\t\t\t\t<div class=\"elementor-widget-container\">\n\t\t\t\t\t\t\t<div class=\"elementor-divider\">\n\t\t\t<span class=\"elementor-divider-separator\">\n\t\t\t\t\t\t<\/span>\n\t\t<\/div>\n\t\t\t\t\t\t<\/div>\n\t\t\t\t<\/div>\n\t\t\t\t<\/div>\n\t\t\t\t<div class=\"elementor-element elementor-element-69acf70b elementor-widget elementor-widget-text-editor\" data-id=\"69acf70b\" data-element_type=\"widget\" data-widget_type=\"text-editor.default\">\n\t\t\t\t<div class=\"elementor-widget-container\">\n\t\t\t\t\t\t\t\t\t<p>Ob Sie von einem Wochenende in Deauville f\u00fcr Verliebte oder einem Kurzurlaub mit der Familie tr\u00e4umen, die Hotelanlage La Closerie verspricht Ihnen magische Momente. Der Zauber wirkt schon, wenn man die rosafarbene Backsteinfassade des Geb\u00e4udes auf der Avenue de la R\u00e9publique erblickt. Wenn man durch die T\u00fcr der Anlage tritt, spiegelt die raffinierte und warme Einrichtung den legend\u00e4ren Glamour des Badeortes wider. Die Herzen der G\u00e4ste werden definitiv erobert, wenn sie eines der <a href=\"https:\/\/www.lacloseriedeauville.com\/de\/residence-la-closerie-appart-hotel-deauville\/\">74 Zimmer und Wohnungen<\/a>Sie haben die Wahl zwischen verschiedenen Unterk\u00fcnften, die sich durch ihre Ger\u00e4umigkeit und ihren Komfort auszeichnen. Was auch immer Ihre W\u00fcnsche sind, Sie werden die passende Unterkunft finden, um den besten Aufenthalt an der C\u00f4te Fleurie zu verbringen. Ein Zimmer im Cocooning-Stil ist ideal f\u00fcr einen Ausflug zu zweit. F\u00fcr Ihre Reisen mit der Familie oder mit Freunden entscheiden Sie sich f\u00fcr ein <a href=\"https:\/\/www.lacloseriedeauville.com\/de\/residence-la-closerie\/restige-suite-wohnung\/\">Wohnung f\u00fcr bis zu 7 Personen<\/a>. Von der Terrasse Ihrer Unterkunft aus k\u00f6nnen Sie die Pferderennbahn und die Stra\u00dfen der Stadt bewundern. Sonnen Sie sich in der Ruhe Ihres privaten Kokons. Der Garten, der sich an die R\u00fcckseite des Hotels schmiegt, l\u00e4sst sich diskret entdecken und offenbart sich den Besuchern als ein Heiligtum der Ruhe mitten im Zentrum von Deauville.<\/p><p>G\u00f6nnen Sie sich den Luxus eines <a href=\"https:\/\/www.lacloseriedeauville.com\/de\/decouvrir-deauville-que-faire-a-deauville\/\">Wochenende in Deauville<\/a> im Spa als Pause von Ihrem hektischen Alltag, um sich wieder wohl zu f\u00fchlen. Die Zeit steht still, Minuten werden zu Stunden, K\u00f6rper und Geist beruhigen sich ruhig und nachhaltig. So werden die Momente der Entspannung w\u00e4hrend Ihres gesamten Aufenthalts zu einer Priorit\u00e4t. Das professionelle Team widmet sich Ihren sanften W\u00fcnschen und setzt alles daran, Ihnen eine einzigartige Sinneserfahrung zu servieren.<\/p>\t\t\t\t\t\t\t\t<\/div>\n\t\t\t\t<\/div>\n\t\t\t\t<\/div>\n\t\t<div class=\"elementor-element elementor-element-6bdb7d9d e-con-full e-flex e-con e-child\" data-id=\"6bdb7d9d\" data-element_type=\"container\">\n\t\t\t\t<div class=\"elementor-element elementor-element-1ca1abbd elementor-widget__width-inherit elementor-widget elementor-widget-image\" data-id=\"1ca1abbd\" data-element_type=\"widget\" data-widget_type=\"image.default\">\n\t\t\t\t<div class=\"elementor-widget-container\">\n\t\t\t\t\t\t\t\t\t\t\t\t\t\t\t<img decoding=\"async\" width=\"800\" height=\"514\" src=\"https:\/\/www.lacloseriedeauville.com\/wp-content\/uploads\/2023\/07\/Sejour-SP-3-1-1024x658.jpg\" class=\"attachment-large size-large wp-image-1282\" alt=\"ess- und wohnbereich der suite prestige in der villa odette deauville\" srcset=\"https:\/\/www.lacloseriedeauville.com\/wp-content\/uploads\/2023\/07\/Sejour-SP-3-1-1024x658.jpg 1024w, https:\/\/www.lacloseriedeauville.com\/wp-content\/uploads\/2023\/07\/Sejour-SP-3-1-300x193.jpg 300w, https:\/\/www.lacloseriedeauville.com\/wp-content\/uploads\/2023\/07\/Sejour-SP-3-1-768x494.jpg 768w, https:\/\/www.lacloseriedeauville.com\/wp-content\/uploads\/2023\/07\/Sejour-SP-3-1-1536x987.jpg 1536w, https:\/\/www.lacloseriedeauville.com\/wp-content\/uploads\/2023\/07\/Sejour-SP-3-1-2048x1316.jpg 2048w, https:\/\/www.lacloseriedeauville.com\/wp-content\/uploads\/2023\/07\/Sejour-SP-3-1-18x12.jpg 18w\" sizes=\"(max-width: 800px) 100vw, 800px\" title=\"\">\t\t\t\t\t\t\t\t\t\t\t\t\t\t\t<\/div>\n\t\t\t\t<\/div>\n\t\t\t\t<\/div>\n\t\t\t\t\t<\/div>\n\t\t\t\t<\/div>\n\t\t<div class=\"elementor-element elementor-element-17e6b45d e-flex e-con-boxed e-con e-parent\" data-id=\"17e6b45d\" data-element_type=\"container\">\n\t\t\t\t\t<div class=\"e-con-inner\">\n\t\t<div class=\"elementor-element elementor-element-7f3f289 e-con-full e-flex e-con e-child\" data-id=\"7f3f289\" data-element_type=\"container\">\n\t\t\t\t<div class=\"elementor-element elementor-element-20c0b8ff elementor-widget__width-inherit elementor-widget elementor-widget-image\" data-id=\"20c0b8ff\" data-element_type=\"widget\" data-widget_type=\"image.default\">\n\t\t\t\t<div class=\"elementor-widget-container\">\n\t\t\t\t\t\t\t\t\t\t\t\t\t\t\t<img decoding=\"async\" width=\"800\" height=\"533\" src=\"https:\/\/www.lacloseriedeauville.com\/wp-content\/uploads\/2023\/07\/Piscine-2-2-1024x682.jpg\" class=\"attachment-large size-large wp-image-783\" alt=\"Pool mit Wasserstrahl - Hotel in Deauville mit Pool\" srcset=\"https:\/\/www.lacloseriedeauville.com\/wp-content\/uploads\/2023\/07\/Piscine-2-2-1024x682.jpg 1024w, https:\/\/www.lacloseriedeauville.com\/wp-content\/uploads\/2023\/07\/Piscine-2-2-300x200.jpg 300w, https:\/\/www.lacloseriedeauville.com\/wp-content\/uploads\/2023\/07\/Piscine-2-2-768x512.jpg 768w, https:\/\/www.lacloseriedeauville.com\/wp-content\/uploads\/2023\/07\/Piscine-2-2-1536x1024.jpg 1536w, https:\/\/www.lacloseriedeauville.com\/wp-content\/uploads\/2023\/07\/Piscine-2-2-2048x1365.jpg 2048w, https:\/\/www.lacloseriedeauville.com\/wp-content\/uploads\/2023\/07\/Piscine-2-2-18x12.jpg 18w\" sizes=\"(max-width: 800px) 100vw, 800px\" title=\"\">\t\t\t\t\t\t\t\t\t\t\t\t\t\t\t<\/div>\n\t\t\t\t<\/div>\n\t\t\t\t<\/div>\n\t\t<div class=\"elementor-element elementor-element-19455890 e-con-full e-flex e-con e-child\" data-id=\"19455890\" data-element_type=\"container\">\n\t\t<div class=\"elementor-element elementor-element-67c9c6d8 e-con-full e-flex e-con e-child\" data-id=\"67c9c6d8\" data-element_type=\"container\">\n\t\t\t\t<div class=\"elementor-element elementor-element-4120e738 elementor-widget elementor-widget-heading\" data-id=\"4120e738\" data-element_type=\"widget\" data-widget_type=\"heading.default\">\n\t\t\t\t<div class=\"elementor-widget-container\">\n\t\t\t\t\t<h2 class=\"elementor-heading-title elementor-size-default\">Ein Wochenende im Spa in Deauville verbringen: Hammam, Sauna, Jacuzzi und beheizter Pool<\/h2>\t\t\t\t<\/div>\n\t\t\t\t<\/div>\n\t\t\t\t<div class=\"elementor-element elementor-element-62cedce6 elementor-widget-divider--view-line elementor-widget elementor-widget-divider\" data-id=\"62cedce6\" data-element_type=\"widget\" data-widget_type=\"divider.default\">\n\t\t\t\t<div class=\"elementor-widget-container\">\n\t\t\t\t\t\t\t<div class=\"elementor-divider\">\n\t\t\t<span class=\"elementor-divider-separator\">\n\t\t\t\t\t\t<\/span>\n\t\t<\/div>\n\t\t\t\t\t\t<\/div>\n\t\t\t\t<\/div>\n\t\t\t\t<\/div>\n\t\t\t\t<div class=\"elementor-element elementor-element-5cecef99 elementor-widget elementor-widget-text-editor\" data-id=\"5cecef99\" data-element_type=\"widget\" data-widget_type=\"text-editor.default\">\n\t\t\t\t<div class=\"elementor-widget-container\">\n\t\t\t\t\t\t\t\t\t<p>W\u00e4hrend eines Wochenendes im Spa in Deauville entdecken Sie <a href=\"https:\/\/www.lacloseriedeauville.com\/de\/wohlbefinden-spa-hotel-deauville-spa\/\">der Wellnessbereich<\/a> von La Closerie mit seinen hochwertigen Dienstleistungen. Der Ort, der ganz der Entspannung und Beruhigung der Besucher gewidmet ist, enth\u00fcllt komfortable und moderne Einrichtungen zu ihrer gr\u00f6\u00dften Freude. Zun\u00e4chst bietet das Spa ein umfassendes Erlebnis, bei dem die G\u00e4ste zwischen trockener und feuchter Hitze in der Sauna, im Dampfbad und im Whirlpool wechseln k\u00f6nnen. Die Muskeln entspannen sich, die Haut wird gereinigt, die Blutzirkulation wird angeregt und der Stress wird abgebaut. Verl\u00e4ngern Sie die wohltuende Entspannung mit ein paar Schwimmz\u00fcgen im ganzj\u00e4hrig beheizten Hallenbad oder bei einer K\u00f6rpermodellierung in der Kabine unter den H\u00e4nden professioneller Masseurinnen.<\/p><p>Die Hotelresidenz La Closerie liegt nur 200 Meter vom legend\u00e4ren Strand mit seinen bunten Sonnenschirmen entfernt und ist der ideale Urlaubsort f\u00fcr einen <a href=\"https:\/\/www.lacloseriedeauville.com\/de\/activites-deauville\/\">Spa-Wochenende in Deauville<\/a>. Mit entspanntem Geist und K\u00f6rper k\u00f6nnen Sie die symboltr\u00e4chtigen Sehensw\u00fcrdigkeiten der Stadt zu Fu\u00df erkunden. Das Kasino, die Restaurants mit ihren lokalen kulinarischen Spezialit\u00e4ten, der Place Morny und der Hafen k\u00f6nnen bei einem gem\u00fctlichen Spaziergang besichtigt werden. Die Pferderennbahn von Deauville-La Touques ist ebenfalls ein Muss f\u00fcr Pferdesportfans.\u00a0<\/p>\t\t\t\t\t\t\t\t<\/div>\n\t\t\t\t<\/div>\n\t\t\t\t<\/div>\n\t\t\t\t\t<\/div>\n\t\t\t\t<\/div>\n\t\t<div class=\"elementor-element elementor-element-644b30eb e-flex e-con-boxed e-con e-parent\" data-id=\"644b30eb\" data-element_type=\"container\">\n\t\t\t\t\t<div class=\"e-con-inner\">\n\t\t<div class=\"elementor-element elementor-element-40c8aac3 e-con-full cartes-cta e-flex e-con e-child\" data-id=\"40c8aac3\" data-element_type=\"container\" data-settings=\"{&quot;background_background&quot;:&quot;classic&quot;}\">\n\t\t<div class=\"elementor-element elementor-element-4c94d462 cartes-cta-col e-flex e-con-boxed e-con e-child\" data-id=\"4c94d462\" data-element_type=\"container\">\n\t\t\t\t\t<div class=\"e-con-inner\">\n\t\t\t\t<div class=\"elementor-element elementor-element-5f650460 elementor-widget elementor-widget-heading\" data-id=\"5f650460\" data-element_type=\"widget\" data-widget_type=\"heading.default\">\n\t\t\t\t<div class=\"elementor-widget-container\">\n\t\t\t\t\t<h3 class=\"elementor-heading-title elementor-size-default\">Entdecken Sie<br> Deauville<\/h3>\t\t\t\t<\/div>\n\t\t\t\t<\/div>\n\t\t\t\t<div class=\"elementor-element elementor-element-2c9fe93f elementor-hidden-tablet elementor-hidden-mobile elementor-view-default elementor-widget elementor-widget-icon\" data-id=\"2c9fe93f\" data-element_type=\"widget\" data-widget_type=\"icon.default\">\n\t\t\t\t<div class=\"elementor-widget-container\">\n\t\t\t\t\t\t\t<div class=\"elementor-icon-wrapper\">\n\t\t\t<div class=\"elementor-icon\">\n\t\t\t<svg xmlns=\"http:\/\/www.w3.org\/2000\/svg\" width=\"25\" height=\"25\" viewbox=\"0 0 25 25\" fill=\"none\"><circle cx=\"12.5\" cy=\"12.5\" r=\"12\" transform=\"rotate(90 12.5 12.5)\" stroke=\"#053759\"><\/circle><path d=\"M18.75 10.3125L12.5 16.5625L6.25 10.3125\" stroke=\"#053759\"><\/path><\/svg>\t\t\t<\/div>\n\t\t<\/div>\n\t\t\t\t\t\t<\/div>\n\t\t\t\t<\/div>\n\t\t\t\t<div class=\"elementor-element elementor-element-349da80e cartes-cta-effet elementor-hidden-tablet elementor-hidden-mobile elementor-widget-divider--view-line elementor-widget elementor-widget-divider\" data-id=\"349da80e\" data-element_type=\"widget\" data-widget_type=\"divider.default\">\n\t\t\t\t<div class=\"elementor-widget-container\">\n\t\t\t\t\t\t\t<div class=\"elementor-divider\">\n\t\t\t<span class=\"elementor-divider-separator\">\n\t\t\t\t\t\t<\/span>\n\t\t<\/div>\n\t\t\t\t\t\t<\/div>\n\t\t\t\t<\/div>\n\t\t\t\t<div class=\"elementor-element elementor-element-3a89b315 elementor-align-center cartes-cta-effet elementor-widget elementor-widget-button\" data-id=\"3a89b315\" data-element_type=\"widget\" data-widget_type=\"button.default\">\n\t\t\t\t<div class=\"elementor-widget-container\">\n\t\t\t\t\t\t\t\t\t<div class=\"elementor-button-wrapper\">\n\t\t\t\t\t<a class=\"elementor-button elementor-button-link elementor-size-sm\" href=\"https:\/\/www.lacloseriedeauville.com\/de\/decouvrir-deauville-que-faire-a-deauville\/\">\n\t\t\t\t\t\t<span class=\"elementor-button-content-wrapper\">\n\t\t\t\t\t\t\t\t\t<span class=\"elementor-button-text\">Ich entdecke<\/span>\n\t\t\t\t\t<\/span>\n\t\t\t\t\t<\/a>\n\t\t\t\t<\/div>\n\t\t\t\t\t\t\t\t<\/div>\n\t\t\t\t<\/div>\n\t\t\t\t\t<\/div>\n\t\t\t\t<\/div>\n\t\t\t\t<\/div>\n\t\t<div class=\"elementor-element elementor-element-555bb312 e-con-full cartes-cta e-flex e-con e-child\" data-id=\"555bb312\" data-element_type=\"container\" data-settings=\"{&quot;background_background&quot;:&quot;classic&quot;}\">\n\t\t<div class=\"elementor-element elementor-element-768cbdcf cartes-cta-col e-flex e-con-boxed e-con e-child\" data-id=\"768cbdcf\" data-element_type=\"container\">\n\t\t\t\t\t<div class=\"e-con-inner\">\n\t\t\t\t<div class=\"elementor-element elementor-element-5827a2aa elementor-widget elementor-widget-heading\" data-id=\"5827a2aa\" data-element_type=\"widget\" data-widget_type=\"heading.default\">\n\t\t\t\t<div class=\"elementor-widget-container\">\n\t\t\t\t\t<h3 class=\"elementor-heading-title elementor-size-default\">Aktivit\u00e4ten<br><br><\/h3>\t\t\t\t<\/div>\n\t\t\t\t<\/div>\n\t\t\t\t<div class=\"elementor-element elementor-element-56770c11 elementor-hidden-tablet elementor-hidden-mobile elementor-view-default elementor-widget elementor-widget-icon\" data-id=\"56770c11\" data-element_type=\"widget\" data-widget_type=\"icon.default\">\n\t\t\t\t<div class=\"elementor-widget-container\">\n\t\t\t\t\t\t\t<div class=\"elementor-icon-wrapper\">\n\t\t\t<div class=\"elementor-icon\">\n\t\t\t<svg xmlns=\"http:\/\/www.w3.org\/2000\/svg\" width=\"25\" height=\"25\" viewbox=\"0 0 25 25\" fill=\"none\"><circle cx=\"12.5\" cy=\"12.5\" r=\"12\" transform=\"rotate(90 12.5 12.5)\" stroke=\"#053759\"><\/circle><path d=\"M18.75 10.3125L12.5 16.5625L6.25 10.3125\" stroke=\"#053759\"><\/path><\/svg>\t\t\t<\/div>\n\t\t<\/div>\n\t\t\t\t\t\t<\/div>\n\t\t\t\t<\/div>\n\t\t\t\t<div class=\"elementor-element elementor-element-3f5b5d7c cartes-cta-effet elementor-hidden-tablet elementor-hidden-mobile elementor-widget-divider--view-line elementor-widget elementor-widget-divider\" data-id=\"3f5b5d7c\" data-element_type=\"widget\" data-widget_type=\"divider.default\">\n\t\t\t\t<div class=\"elementor-widget-container\">\n\t\t\t\t\t\t\t<div class=\"elementor-divider\">\n\t\t\t<span class=\"elementor-divider-separator\">\n\t\t\t\t\t\t<\/span>\n\t\t<\/div>\n\t\t\t\t\t\t<\/div>\n\t\t\t\t<\/div>\n\t\t\t\t<div class=\"elementor-element elementor-element-1e6e5cd2 elementor-align-center cartes-cta-effet elementor-widget elementor-widget-button\" data-id=\"1e6e5cd2\" data-element_type=\"widget\" data-widget_type=\"button.default\">\n\t\t\t\t<div class=\"elementor-widget-container\">\n\t\t\t\t\t\t\t\t\t<div class=\"elementor-button-wrapper\">\n\t\t\t\t\t<a class=\"elementor-button elementor-button-link elementor-size-sm\" href=\"https:\/\/www.lacloseriedeauville.com\/de\/activites-deauville\/\">\n\t\t\t\t\t\t<span class=\"elementor-button-content-wrapper\">\n\t\t\t\t\t\t\t\t\t<span class=\"elementor-button-text\">Ich entdecke<\/span>\n\t\t\t\t\t<\/span>\n\t\t\t\t\t<\/a>\n\t\t\t\t<\/div>\n\t\t\t\t\t\t\t\t<\/div>\n\t\t\t\t<\/div>\n\t\t\t\t\t<\/div>\n\t\t\t\t<\/div>\n\t\t\t\t<\/div>\n\t\t<div class=\"elementor-element elementor-element-3c310fd8 e-con-full cartes-cta e-flex e-con e-child\" data-id=\"3c310fd8\" data-element_type=\"container\" data-settings=\"{&quot;background_background&quot;:&quot;classic&quot;}\">\n\t\t<div class=\"elementor-element elementor-element-6e648105 cartes-cta-col e-flex e-con-boxed e-con e-child\" data-id=\"6e648105\" data-element_type=\"container\">\n\t\t\t\t\t<div class=\"e-con-inner\">\n\t\t\t\t<div class=\"elementor-element elementor-element-37e1ee1d elementor-widget elementor-widget-heading\" data-id=\"37e1ee1d\" data-element_type=\"widget\" data-widget_type=\"heading.default\">\n\t\t\t\t<div class=\"elementor-widget-container\">\n\t\t\t\t\t<h3 class=\"elementor-heading-title elementor-size-default\">Ausstellungen<br><br><\/h3>\t\t\t\t<\/div>\n\t\t\t\t<\/div>\n\t\t\t\t<div class=\"elementor-element elementor-element-4fe62b61 elementor-hidden-tablet elementor-hidden-mobile elementor-view-default elementor-widget elementor-widget-icon\" data-id=\"4fe62b61\" data-element_type=\"widget\" data-widget_type=\"icon.default\">\n\t\t\t\t<div class=\"elementor-widget-container\">\n\t\t\t\t\t\t\t<div class=\"elementor-icon-wrapper\">\n\t\t\t<div class=\"elementor-icon\">\n\t\t\t<svg xmlns=\"http:\/\/www.w3.org\/2000\/svg\" width=\"25\" height=\"25\" viewbox=\"0 0 25 25\" fill=\"none\"><circle cx=\"12.5\" cy=\"12.5\" r=\"12\" transform=\"rotate(90 12.5 12.5)\" stroke=\"#053759\"><\/circle><path d=\"M18.75 10.3125L12.5 16.5625L6.25 10.3125\" stroke=\"#053759\"><\/path><\/svg>\t\t\t<\/div>\n\t\t<\/div>\n\t\t\t\t\t\t<\/div>\n\t\t\t\t<\/div>\n\t\t\t\t<div class=\"elementor-element elementor-element-2ed6c61a cartes-cta-effet elementor-hidden-tablet elementor-hidden-mobile elementor-widget-divider--view-line elementor-widget elementor-widget-divider\" data-id=\"2ed6c61a\" data-element_type=\"widget\" data-widget_type=\"divider.default\">\n\t\t\t\t<div class=\"elementor-widget-container\">\n\t\t\t\t\t\t\t<div class=\"elementor-divider\">\n\t\t\t<span class=\"elementor-divider-separator\">\n\t\t\t\t\t\t<\/span>\n\t\t<\/div>\n\t\t\t\t\t\t<\/div>\n\t\t\t\t<\/div>\n\t\t\t\t<div class=\"elementor-element elementor-element-57ad83ca elementor-align-center cartes-cta-effet elementor-widget elementor-widget-button\" data-id=\"57ad83ca\" data-element_type=\"widget\" data-widget_type=\"button.default\">\n\t\t\t\t<div class=\"elementor-widget-container\">\n\t\t\t\t\t\t\t\t\t<div class=\"elementor-button-wrapper\">\n\t\t\t\t\t<a class=\"elementor-button elementor-button-link elementor-size-sm\" href=\"https:\/\/www.lacloseriedeauville.com\/de\/ausstellungen-deauville\/\">\n\t\t\t\t\t\t<span class=\"elementor-button-content-wrapper\">\n\t\t\t\t\t\t\t\t\t<span class=\"elementor-button-text\">Ich entdecke<\/span>\n\t\t\t\t\t<\/span>\n\t\t\t\t\t<\/a>\n\t\t\t\t<\/div>\n\t\t\t\t\t\t\t\t<\/div>\n\t\t\t\t<\/div>\n\t\t\t\t\t<\/div>\n\t\t\t\t<\/div>\n\t\t\t\t<\/div>\n\t\t\t\t\t<\/div>\n\t\t\t\t<\/div>\n\t\t\t\t<\/div>","protected":false},"excerpt":{"rendered":"<p>Ein Wochenende in Deauville Spa: Wellness hat Vorrang Entdecken Sie La Closerie Ich entdecke Energie tanken in Deauville Bei einem Wochenende in Deauville zwischen Spa und Entdeckungen lassen sich die Reisenden vom Charme des Hotelkomplexes La Closerie verf\u00fchren. Die Anlage ist das Schmuckk\u00e4stchen f\u00fcr Momente der Entspannung und des Wohlbefindens an der C\u00f4te Fleurie in [...]].<\/p>","protected":false},"author":11,"featured_media":0,"parent":0,"menu_order":0,"comment_status":"closed","ping_status":"closed","template":"","meta":{"inline_featured_image":false,"footnotes":""},"class_list":["post-2348","page","type-page","status-publish","hentry"],"_links":{"self":[{"href":"https:\/\/www.lacloseriedeauville.com\/de\/wp-json\/wp\/v2\/pages\/2348","targetHints":{"allow":["GET"]}}],"collection":[{"href":"https:\/\/www.lacloseriedeauville.com\/de\/wp-json\/wp\/v2\/pages"}],"about":[{"href":"https:\/\/www.lacloseriedeauville.com\/de\/wp-json\/wp\/v2\/types\/page"}],"author":[{"embeddable":true,"href":"https:\/\/www.lacloseriedeauville.com\/de\/wp-json\/wp\/v2\/users\/11"}],"replies":[{"embeddable":true,"href":"https:\/\/www.lacloseriedeauville.com\/de\/wp-json\/wp\/v2\/comments?post=2348"}],"version-history":[{"count":9,"href":"https:\/\/www.lacloseriedeauville.com\/de\/wp-json\/wp\/v2\/pages\/2348\/revisions"}],"predecessor-version":[{"id":2367,"href":"https:\/\/www.lacloseriedeauville.com\/de\/wp-json\/wp\/v2\/pages\/2348\/revisions\/2367"}],"wp:attachment":[{"href":"https:\/\/www.lacloseriedeauville.com\/de\/wp-json\/wp\/v2\/media?parent=2348"}],"curies":[{"name":"wp","href":"https:\/\/api.w.org\/{rel}","templated":true}]}}