{"id":2369,"date":"2024-03-28T10:51:22","date_gmt":"2024-03-28T09:51:22","guid":{"rendered":"https:\/\/www.lacloseriedeauville.com\/?page_id=2369"},"modified":"2024-03-28T12:04:13","modified_gmt":"2024-03-28T11:04:13","slug":"thalasso-deauville","status":"publish","type":"page","link":"https:\/\/www.lacloseriedeauville.com\/de\/thalasso-deauville\/","title":{"rendered":"Thalasso Deauville"},"content":{"rendered":"<div data-elementor-type=\"wp-page\" data-elementor-id=\"2369\" class=\"elementor elementor-2369\" data-elementor-post-type=\"page\">\n\t\t\t\t<div class=\"elementor-element elementor-element-5bc38e8a e-flex e-con-boxed e-con e-parent\" data-id=\"5bc38e8a\" data-element_type=\"container\" data-settings=\"{&quot;background_background&quot;:&quot;classic&quot;}\">\n\t\t\t\t\t<div class=\"e-con-inner\">\n\t\t\t\t<div class=\"elementor-element elementor-element-5ba1b4c3 elementor-widget elementor-widget-heading\" data-id=\"5ba1b4c3\" data-element_type=\"widget\" data-widget_type=\"heading.default\">\n\t\t\t\t<div class=\"elementor-widget-container\">\n\t\t\t\t\t<h1 class=\"elementor-heading-title elementor-size-default\">Thalasso in Deauville: Wellness-Etappe in der Hotelresidenz La Closerie\n<\/h1>\t\t\t\t<\/div>\n\t\t\t\t<\/div>\n\t\t\t\t<div class=\"elementor-element elementor-element-3d4846b elementor-widget elementor-widget-heading\" data-id=\"3d4846b\" data-element_type=\"widget\" data-widget_type=\"heading.default\">\n\t\t\t\t<div class=\"elementor-widget-container\">\n\t\t\t\t\t<span class=\"elementor-heading-title elementor-size-default\">Entdecken Sie La Closerie<\/span>\t\t\t\t<\/div>\n\t\t\t\t<\/div>\n\t\t\t\t<div class=\"elementor-element elementor-element-75a5de64 elementor-widget elementor-widget-button\" data-id=\"75a5de64\" data-element_type=\"widget\" data-widget_type=\"button.default\">\n\t\t\t\t<div class=\"elementor-widget-container\">\n\t\t\t\t\t\t\t\t\t<div class=\"elementor-button-wrapper\">\n\t\t\t\t\t<a class=\"elementor-button elementor-button-link elementor-size-sm\" href=\"#suite\">\n\t\t\t\t\t\t<span class=\"elementor-button-content-wrapper\">\n\t\t\t\t\t\t\t\t\t<span class=\"elementor-button-text\">Ich entdecke<\/span>\n\t\t\t\t\t<\/span>\n\t\t\t\t\t<\/a>\n\t\t\t\t<\/div>\n\t\t\t\t\t\t\t\t<\/div>\n\t\t\t\t<\/div>\n\t\t\t\t<div class=\"elementor-element elementor-element-19fe3a53 elementor-view-default elementor-widget elementor-widget-icon\" data-id=\"19fe3a53\" data-element_type=\"widget\" data-widget_type=\"icon.default\">\n\t\t\t\t<div class=\"elementor-widget-container\">\n\t\t\t\t\t\t\t<div class=\"elementor-icon-wrapper\">\n\t\t\t<a class=\"elementor-icon\" href=\"#suite\">\n\t\t\t<svg xmlns=\"http:\/\/www.w3.org\/2000\/svg\" width=\"32\" height=\"32\" viewbox=\"0 0 32 32\" fill=\"none\"><path d=\"M31 9.74805L16.7067 24.04C16.6139 24.133 16.5037 24.2066 16.3825 24.2568C16.2612 24.3072 16.1312 24.3331 16 24.3331C15.8688 24.3331 15.7388 24.3072 15.6175 24.2568C15.4963 24.2066 15.3861 24.133 15.2933 24.04L1 9.74805\" stroke=\"white\" stroke-width=\"2\" stroke-linecap=\"round\" stroke-linejoin=\"round\"><\/path><\/svg>\t\t\t<\/a>\n\t\t<\/div>\n\t\t\t\t\t\t<\/div>\n\t\t\t\t<\/div>\n\t\t\t\t\t<\/div>\n\t\t\t\t<\/div>\n\t\t<div class=\"elementor-element elementor-element-315aa362 e-flex e-con-boxed e-con e-parent\" data-id=\"315aa362\" data-element_type=\"container\" id=\"suite\">\n\t\t\t\t\t<div class=\"e-con-inner\">\n\t\t<div class=\"elementor-element elementor-element-2bf1ef0e e-con-full e-flex e-con e-child\" data-id=\"2bf1ef0e\" data-element_type=\"container\">\n\t\t\t\t<div class=\"elementor-element elementor-element-2dbd1eee elementor-widget__width-inherit elementor-widget elementor-widget-image\" data-id=\"2dbd1eee\" data-element_type=\"widget\" data-widget_type=\"image.default\">\n\t\t\t\t<div class=\"elementor-widget-container\">\n\t\t\t\t\t\t\t\t\t\t\t\t\t\t\t<img fetchpriority=\"high\" decoding=\"async\" width=\"1432\" height=\"732\" src=\"https:\/\/www.lacloseriedeauville.com\/wp-content\/uploads\/2024\/03\/iStock-1372904688.jpg\" class=\"attachment-full size-full wp-image-2372\" alt=\"Strandh\u00fctte - hotel deauville mit pool\" srcset=\"https:\/\/www.lacloseriedeauville.com\/wp-content\/uploads\/2024\/03\/iStock-1372904688.jpg 1432w, https:\/\/www.lacloseriedeauville.com\/wp-content\/uploads\/2024\/03\/iStock-1372904688-300x153.jpg 300w, https:\/\/www.lacloseriedeauville.com\/wp-content\/uploads\/2024\/03\/iStock-1372904688-1024x523.jpg 1024w, https:\/\/www.lacloseriedeauville.com\/wp-content\/uploads\/2024\/03\/iStock-1372904688-768x393.jpg 768w, https:\/\/www.lacloseriedeauville.com\/wp-content\/uploads\/2024\/03\/iStock-1372904688-18x9.jpg 18w\" sizes=\"(max-width: 1432px) 100vw, 1432px\" title=\"\">\t\t\t\t\t\t\t\t\t\t\t\t\t\t\t<\/div>\n\t\t\t\t<\/div>\n\t\t\t\t<\/div>\n\t\t<div class=\"elementor-element elementor-element-dcca8ba e-con-full e-flex e-con e-child\" data-id=\"dcca8ba\" data-element_type=\"container\">\n\t\t<div class=\"elementor-element elementor-element-5f9adc5d e-con-full e-flex e-con e-child\" data-id=\"5f9adc5d\" data-element_type=\"container\">\n\t\t\t\t<div class=\"elementor-element elementor-element-ce0e45f elementor-widget elementor-widget-heading\" data-id=\"ce0e45f\" data-element_type=\"widget\" data-widget_type=\"heading.default\">\n\t\t\t\t<div class=\"elementor-widget-container\">\n\t\t\t\t\t<h2 class=\"elementor-heading-title elementor-size-default\">Entspannen in Deauville<\/h2>\t\t\t\t<\/div>\n\t\t\t\t<\/div>\n\t\t\t\t<div class=\"elementor-element elementor-element-5aa85e3 elementor-widget-divider--view-line elementor-widget elementor-widget-divider\" data-id=\"5aa85e3\" data-element_type=\"widget\" data-widget_type=\"divider.default\">\n\t\t\t\t<div class=\"elementor-widget-container\">\n\t\t\t\t\t\t\t<div class=\"elementor-divider\">\n\t\t\t<span class=\"elementor-divider-separator\">\n\t\t\t\t\t\t<\/span>\n\t\t<\/div>\n\t\t\t\t\t\t<\/div>\n\t\t\t\t<\/div>\n\t\t\t\t<\/div>\n\t\t\t\t<div class=\"elementor-element elementor-element-4a446247 elementor-widget elementor-widget-heading\" data-id=\"4a446247\" data-element_type=\"widget\" data-widget_type=\"heading.default\">\n\t\t\t\t<div class=\"elementor-widget-container\">\n\t\t\t\t\t<p class=\"elementor-heading-title elementor-size-default\">Wie w\u00e4re es, wenn Sie sich ein wenig Zeit nehmen w\u00fcrden, um am Meer, weit weg von der Umweltverschmutzung und der Hektik der Stadt, neue Energie zu tanken? G\u00f6nnen Sie sich bei einem Thalasso-Training in Deauville Momente des puren Abschaltens und nehmen Sie sich eine Auszeit von Ihrem hektischen Alltag. Stress und Hektik verfliegen w\u00e4hrend Ihres Aufenthalts in der Hotelresidenz La Closerie Deauville, um Platz f\u00fcr absolute Entspannung, Flucht aus dem Alltag und Erholung zu schaffen.<\/p>\t\t\t\t<\/div>\n\t\t\t\t<\/div>\n\t\t\t\t<\/div>\n\t\t\t\t\t<\/div>\n\t\t\t\t<\/div>\n\t\t<div class=\"elementor-element elementor-element-4008e677 e-flex e-con-boxed e-con e-parent\" data-id=\"4008e677\" data-element_type=\"container\">\n\t\t\t\t\t<div class=\"e-con-inner\">\n\t\t<div class=\"elementor-element elementor-element-4052eab e-con-full e-flex e-con e-child\" data-id=\"4052eab\" data-element_type=\"container\">\n\t\t<div class=\"elementor-element elementor-element-7061118 e-con-full e-flex e-con e-child\" data-id=\"7061118\" data-element_type=\"container\">\n\t\t\t\t<div class=\"elementor-element elementor-element-422195d2 elementor-widget elementor-widget-heading\" data-id=\"422195d2\" data-element_type=\"widget\" data-widget_type=\"heading.default\">\n\t\t\t\t<div class=\"elementor-widget-container\">\n\t\t\t\t\t<h2 class=\"elementor-heading-title elementor-size-default\">Spa in Deauville mit Pool und hochwertigen Einrichtungen\n<\/h2>\t\t\t\t<\/div>\n\t\t\t\t<\/div>\n\t\t\t\t<div class=\"elementor-element elementor-element-7adc78fd elementor-widget-divider--view-line elementor-widget elementor-widget-divider\" data-id=\"7adc78fd\" data-element_type=\"widget\" data-widget_type=\"divider.default\">\n\t\t\t\t<div class=\"elementor-widget-container\">\n\t\t\t\t\t\t\t<div class=\"elementor-divider\">\n\t\t\t<span class=\"elementor-divider-separator\">\n\t\t\t\t\t\t<\/span>\n\t\t<\/div>\n\t\t\t\t\t\t<\/div>\n\t\t\t\t<\/div>\n\t\t\t\t<\/div>\n\t\t\t\t<div class=\"elementor-element elementor-element-69acf70b elementor-widget elementor-widget-text-editor\" data-id=\"69acf70b\" data-element_type=\"widget\" data-widget_type=\"text-editor.default\">\n\t\t\t\t<div class=\"elementor-widget-container\">\n\t\t\t\t\t\t\t\t\t<p>Die Hotelresidenz La Closerie Deauville hei\u00dft Sie herzlich willkommen und macht Ihren Zwischenstopp auf der <a href=\"https:\/\/www.lacloseriedeauville.com\/de\/les-environs-que-faire-aut-our-deauville\/\">C\u00f4te Fleurie (Blumenk\u00fcste)<\/a> eine zauberhafte Klammer. Deauville bietet den idealen Rahmen, um die frische Luft zu genie\u00dfen, und das nur zwei Stunden von Paris entfernt. Der schickste Badeort des Calvados hat es immer verstanden, seine Reize in den Vordergrund zu stellen, um Reisende zu verf\u00fchren. Auch wegen der wohltuenden Wirkung der Meereswirkstoffe kommt man hierher, um sich zu erholen und seine Batterien in einer jodhaltigen Atmosph\u00e4re wieder aufzuladen. <a href=\"https:\/\/www.lacloseriedeauville.com\/de\/wohlbefinden-spa-hotel-deauville-spa\/\">Thalasso<\/a> in Deauville geh\u00f6rt zu den symboltr\u00e4chtigen Aktivit\u00e4ten, die man zu zweit oder mit Freunden entdecken sollte, um das Beste aus diesem Vorzeigeziel zu machen.<\/p><p>Unser Haus liegt nur wenige Schritte von der Strandpromenade entfernt und bietet den Kurg\u00e4sten zwischen zwei Behandlungen und zwei belebenden B\u00e4dern einen erstklassigen Service. Das Spa des Hotels ist ganz Ihrem Wohlbefinden gewidmet, sei es w\u00e4hrend Ihres Aufenthalts oder bei einem Tagesbesuch. Es leiht sich seine Codes von der Thalasso-Therapie aus, um K\u00f6rper und Geist mit Sanftheit und Trost zu versorgen. Das ganzj\u00e4hrig beheizte Hallenbad l\u00e4dt Sie ein, in eine Welt der Leichtigkeit einzutauchen: Es ist der Beginn einer einzigartigen Sinnesreise. Das Hammam mit seinem umh\u00fcllenden Dampf l\u00f6st Verspannungen, w\u00e4hrend die trockene Hitze der Sauna das Gewebe entgiftet und die Muskeln entspannt. Lust auf eine Massage f\u00fcr mehr Entspannung? Erg\u00e4nzen Sie die Hydrotherapie-Behandlungen Ihrer Thalasso-Kur in Deauville mit einer ma\u00dfgeschneiderten Leistung in unserem Modellagesalon. Die Karte enth\u00e4lt zahlreiche gezielte Behandlungen, um Ihrem K\u00f6rper die Aufmerksamkeit zu schenken, die er braucht.<\/p>\t\t\t\t\t\t\t\t<\/div>\n\t\t\t\t<\/div>\n\t\t\t\t<\/div>\n\t\t<div class=\"elementor-element elementor-element-6bdb7d9d e-con-full e-flex e-con e-child\" data-id=\"6bdb7d9d\" data-element_type=\"container\">\n\t\t\t\t<div class=\"elementor-element elementor-element-1ca1abbd elementor-widget__width-inherit elementor-widget elementor-widget-image\" data-id=\"1ca1abbd\" data-element_type=\"widget\" data-widget_type=\"image.default\">\n\t\t\t\t<div class=\"elementor-widget-container\">\n\t\t\t\t\t\t\t\t\t\t\t\t\t\t\t<img decoding=\"async\" width=\"2560\" height=\"1407\" src=\"https:\/\/www.lacloseriedeauville.com\/wp-content\/uploads\/2023\/07\/piscine-3-1-scaled.jpg\" class=\"attachment-full size-full wp-image-1358\" alt=\"Hallenbad -thalasso Deauville\" srcset=\"https:\/\/www.lacloseriedeauville.com\/wp-content\/uploads\/2023\/07\/piscine-3-1-scaled.jpg 2560w, https:\/\/www.lacloseriedeauville.com\/wp-content\/uploads\/2023\/07\/piscine-3-1-300x165.jpg 300w, https:\/\/www.lacloseriedeauville.com\/wp-content\/uploads\/2023\/07\/piscine-3-1-1024x563.jpg 1024w, https:\/\/www.lacloseriedeauville.com\/wp-content\/uploads\/2023\/07\/piscine-3-1-768x422.jpg 768w, https:\/\/www.lacloseriedeauville.com\/wp-content\/uploads\/2023\/07\/piscine-3-1-1536x844.jpg 1536w, https:\/\/www.lacloseriedeauville.com\/wp-content\/uploads\/2023\/07\/piscine-3-1-2048x1125.jpg 2048w, https:\/\/www.lacloseriedeauville.com\/wp-content\/uploads\/2023\/07\/piscine-3-1-18x10.jpg 18w\" sizes=\"(max-width: 2560px) 100vw, 2560px\" title=\"\">\t\t\t\t\t\t\t\t\t\t\t\t\t\t\t<\/div>\n\t\t\t\t<\/div>\n\t\t\t\t<\/div>\n\t\t\t\t\t<\/div>\n\t\t\t\t<\/div>\n\t\t<div class=\"elementor-element elementor-element-17e6b45d e-flex e-con-boxed e-con e-parent\" data-id=\"17e6b45d\" data-element_type=\"container\">\n\t\t\t\t\t<div class=\"e-con-inner\">\n\t\t<div class=\"elementor-element elementor-element-7f3f289 e-con-full e-flex e-con e-child\" data-id=\"7f3f289\" data-element_type=\"container\">\n\t\t\t\t<div class=\"elementor-element elementor-element-20c0b8ff elementor-widget__width-inherit elementor-widget elementor-widget-image\" data-id=\"20c0b8ff\" data-element_type=\"widget\" data-widget_type=\"image.default\">\n\t\t\t\t<div class=\"elementor-widget-container\">\n\t\t\t\t\t\t\t\t\t\t\t\t\t\t\t<img decoding=\"async\" width=\"800\" height=\"422\" src=\"https:\/\/www.lacloseriedeauville.com\/wp-content\/uploads\/2024\/03\/iStock-1479350890-1024x540.jpg\" class=\"attachment-large size-large wp-image-2373\" alt=\"Massage und Kerzen - Thalasso Deauville\" srcset=\"https:\/\/www.lacloseriedeauville.com\/wp-content\/uploads\/2024\/03\/iStock-1479350890-1024x540.jpg 1024w, https:\/\/www.lacloseriedeauville.com\/wp-content\/uploads\/2024\/03\/iStock-1479350890-300x158.jpg 300w, https:\/\/www.lacloseriedeauville.com\/wp-content\/uploads\/2024\/03\/iStock-1479350890-768x405.jpg 768w, https:\/\/www.lacloseriedeauville.com\/wp-content\/uploads\/2024\/03\/iStock-1479350890-18x9.jpg 18w, https:\/\/www.lacloseriedeauville.com\/wp-content\/uploads\/2024\/03\/iStock-1479350890.jpg 1411w\" sizes=\"(max-width: 800px) 100vw, 800px\" title=\"\">\t\t\t\t\t\t\t\t\t\t\t\t\t\t\t<\/div>\n\t\t\t\t<\/div>\n\t\t\t\t<\/div>\n\t\t<div class=\"elementor-element elementor-element-19455890 e-con-full e-flex e-con e-child\" data-id=\"19455890\" data-element_type=\"container\">\n\t\t<div class=\"elementor-element elementor-element-67c9c6d8 e-con-full e-flex e-con e-child\" data-id=\"67c9c6d8\" data-element_type=\"container\">\n\t\t\t\t<div class=\"elementor-element elementor-element-4120e738 elementor-widget elementor-widget-heading\" data-id=\"4120e738\" data-element_type=\"widget\" data-widget_type=\"heading.default\">\n\t\t\t\t<div class=\"elementor-widget-container\">\n\t\t\t\t\t<h2 class=\"elementor-heading-title elementor-size-default\">Thalasso-Aufenthalt in Deauville: Wellness und Komfort am Meer in La Closerie<\/h2>\t\t\t\t<\/div>\n\t\t\t\t<\/div>\n\t\t\t\t<div class=\"elementor-element elementor-element-62cedce6 elementor-widget-divider--view-line elementor-widget elementor-widget-divider\" data-id=\"62cedce6\" data-element_type=\"widget\" data-widget_type=\"divider.default\">\n\t\t\t\t<div class=\"elementor-widget-container\">\n\t\t\t\t\t\t\t<div class=\"elementor-divider\">\n\t\t\t<span class=\"elementor-divider-separator\">\n\t\t\t\t\t\t<\/span>\n\t\t<\/div>\n\t\t\t\t\t\t<\/div>\n\t\t\t\t<\/div>\n\t\t\t\t<\/div>\n\t\t\t\t<div class=\"elementor-element elementor-element-5cecef99 elementor-widget elementor-widget-text-editor\" data-id=\"5cecef99\" data-element_type=\"widget\" data-widget_type=\"text-editor.default\">\n\t\t\t\t<div class=\"elementor-widget-container\">\n\t\t\t\t\t\t\t\t\t<p>Wenn Sie nicht gerade am legend\u00e4ren Strand liegen oder durch die Stra\u00dfen von Deauville schlendern, um einzukaufen, tauchen Sie ein in eine Welt voller Luxus und Sinnlichkeit. W\u00e4hrend Ihres Entspannungsurlaubs in La Closerie Deauville werden Sie sich nur um eines k\u00fcmmern: Druck ablassen und Spannungen vergessen. Ob in unserem <a href=\"https:\/\/www.lacloseriedeauville.com\/de\/residence-la-closerie-appart-hotel-deauville\/\">Hotelresidenz<\/a> oder von <a href=\"https:\/\/www.lacloseriedeauville.com\/de\/villa-odette-hotel-a-deauville\/\">die Villa Odette<\/a> f\u00fcr Ihren Gruppenaufenthalt erhalten Sie Zugang zu Vier-Sterne-Leistungen, die Ihren Aufenthalt zu einem Gl\u00fccksfall machen.\u00a0<\/p><p>Die Vorteile der Meeresatmosph\u00e4re sind unbestritten, sowohl f\u00fcr den K\u00f6rper als auch f\u00fcr den Geist. F\u00fcllen Sie Ihre Lungen mit dieser mit Sauerstoff und negativen Ionen angereicherten Luft, um mehr Energie zu gewinnen. Ganz gleich, ob Ihre Thalasso-Kur in Deauville auf Schlankheit, Entspannung oder Sch\u00f6nheit abzielt, unser engagiertes und f\u00fcrsorgliches Team stellt seine Fachkenntnisse und sein Wissen in den Dienst Ihres Wohlbefindens. <a href=\"https:\/\/www.lacloseriedeauville.com\/de\/\">Die Wohnungen und Zimmer<\/a> Die raffinierten und ger\u00e4umigen Zimmer beherbergen alle Einrichtungen, die Sie ben\u00f6tigen, um sich zwischen zwei Behandlungen zu erholen. Der Fitnessraum des La Closerie Deauville bietet den Bewohnern Kardiotrainingsger\u00e4te zur freien Verf\u00fcgung. So k\u00f6nnen Sie ein umfassendes Fitnesserlebnis am Meer genie\u00dfen.<\/p>\t\t\t\t\t\t\t\t<\/div>\n\t\t\t\t<\/div>\n\t\t\t\t<\/div>\n\t\t\t\t\t<\/div>\n\t\t\t\t<\/div>\n\t\t<div class=\"elementor-element elementor-element-644b30eb e-flex e-con-boxed e-con e-parent\" data-id=\"644b30eb\" data-element_type=\"container\">\n\t\t\t\t\t<div class=\"e-con-inner\">\n\t\t<div class=\"elementor-element elementor-element-40c8aac3 e-con-full cartes-cta e-flex e-con e-child\" data-id=\"40c8aac3\" data-element_type=\"container\" data-settings=\"{&quot;background_background&quot;:&quot;classic&quot;}\">\n\t\t<div class=\"elementor-element elementor-element-4c94d462 cartes-cta-col e-flex e-con-boxed e-con e-child\" data-id=\"4c94d462\" data-element_type=\"container\">\n\t\t\t\t\t<div class=\"e-con-inner\">\n\t\t\t\t<div class=\"elementor-element elementor-element-5f650460 elementor-widget elementor-widget-heading\" data-id=\"5f650460\" data-element_type=\"widget\" data-widget_type=\"heading.default\">\n\t\t\t\t<div class=\"elementor-widget-container\">\n\t\t\t\t\t<h3 class=\"elementor-heading-title elementor-size-default\">Entdecken Sie<br> Deauville<\/h3>\t\t\t\t<\/div>\n\t\t\t\t<\/div>\n\t\t\t\t<div class=\"elementor-element elementor-element-2c9fe93f elementor-hidden-tablet elementor-hidden-mobile elementor-view-default elementor-widget elementor-widget-icon\" data-id=\"2c9fe93f\" data-element_type=\"widget\" data-widget_type=\"icon.default\">\n\t\t\t\t<div class=\"elementor-widget-container\">\n\t\t\t\t\t\t\t<div class=\"elementor-icon-wrapper\">\n\t\t\t<div class=\"elementor-icon\">\n\t\t\t<svg xmlns=\"http:\/\/www.w3.org\/2000\/svg\" width=\"25\" height=\"25\" viewbox=\"0 0 25 25\" fill=\"none\"><circle cx=\"12.5\" cy=\"12.5\" r=\"12\" transform=\"rotate(90 12.5 12.5)\" stroke=\"#053759\"><\/circle><path d=\"M18.75 10.3125L12.5 16.5625L6.25 10.3125\" stroke=\"#053759\"><\/path><\/svg>\t\t\t<\/div>\n\t\t<\/div>\n\t\t\t\t\t\t<\/div>\n\t\t\t\t<\/div>\n\t\t\t\t<div class=\"elementor-element elementor-element-349da80e cartes-cta-effet elementor-hidden-tablet elementor-hidden-mobile elementor-widget-divider--view-line elementor-widget elementor-widget-divider\" data-id=\"349da80e\" data-element_type=\"widget\" data-widget_type=\"divider.default\">\n\t\t\t\t<div class=\"elementor-widget-container\">\n\t\t\t\t\t\t\t<div class=\"elementor-divider\">\n\t\t\t<span class=\"elementor-divider-separator\">\n\t\t\t\t\t\t<\/span>\n\t\t<\/div>\n\t\t\t\t\t\t<\/div>\n\t\t\t\t<\/div>\n\t\t\t\t<div class=\"elementor-element elementor-element-3a89b315 elementor-align-center cartes-cta-effet elementor-widget elementor-widget-button\" data-id=\"3a89b315\" data-element_type=\"widget\" data-widget_type=\"button.default\">\n\t\t\t\t<div class=\"elementor-widget-container\">\n\t\t\t\t\t\t\t\t\t<div class=\"elementor-button-wrapper\">\n\t\t\t\t\t<a class=\"elementor-button elementor-button-link elementor-size-sm\" href=\"https:\/\/www.lacloseriedeauville.com\/de\/decouvrir-deauville-que-faire-a-deauville\/\">\n\t\t\t\t\t\t<span class=\"elementor-button-content-wrapper\">\n\t\t\t\t\t\t\t\t\t<span class=\"elementor-button-text\">Ich entdecke<\/span>\n\t\t\t\t\t<\/span>\n\t\t\t\t\t<\/a>\n\t\t\t\t<\/div>\n\t\t\t\t\t\t\t\t<\/div>\n\t\t\t\t<\/div>\n\t\t\t\t\t<\/div>\n\t\t\t\t<\/div>\n\t\t\t\t<\/div>\n\t\t<div class=\"elementor-element elementor-element-555bb312 e-con-full cartes-cta e-flex e-con e-child\" data-id=\"555bb312\" data-element_type=\"container\" data-settings=\"{&quot;background_background&quot;:&quot;classic&quot;}\">\n\t\t<div class=\"elementor-element elementor-element-768cbdcf cartes-cta-col e-flex e-con-boxed e-con e-child\" data-id=\"768cbdcf\" data-element_type=\"container\">\n\t\t\t\t\t<div class=\"e-con-inner\">\n\t\t\t\t<div class=\"elementor-element elementor-element-5827a2aa elementor-widget elementor-widget-heading\" data-id=\"5827a2aa\" data-element_type=\"widget\" data-widget_type=\"heading.default\">\n\t\t\t\t<div class=\"elementor-widget-container\">\n\t\t\t\t\t<h3 class=\"elementor-heading-title elementor-size-default\">Aktivit\u00e4ten<br><br><\/h3>\t\t\t\t<\/div>\n\t\t\t\t<\/div>\n\t\t\t\t<div class=\"elementor-element elementor-element-56770c11 elementor-hidden-tablet elementor-hidden-mobile elementor-view-default elementor-widget elementor-widget-icon\" data-id=\"56770c11\" data-element_type=\"widget\" data-widget_type=\"icon.default\">\n\t\t\t\t<div class=\"elementor-widget-container\">\n\t\t\t\t\t\t\t<div class=\"elementor-icon-wrapper\">\n\t\t\t<div class=\"elementor-icon\">\n\t\t\t<svg xmlns=\"http:\/\/www.w3.org\/2000\/svg\" width=\"25\" height=\"25\" viewbox=\"0 0 25 25\" fill=\"none\"><circle cx=\"12.5\" cy=\"12.5\" r=\"12\" transform=\"rotate(90 12.5 12.5)\" stroke=\"#053759\"><\/circle><path d=\"M18.75 10.3125L12.5 16.5625L6.25 10.3125\" stroke=\"#053759\"><\/path><\/svg>\t\t\t<\/div>\n\t\t<\/div>\n\t\t\t\t\t\t<\/div>\n\t\t\t\t<\/div>\n\t\t\t\t<div class=\"elementor-element elementor-element-3f5b5d7c cartes-cta-effet elementor-hidden-tablet elementor-hidden-mobile elementor-widget-divider--view-line elementor-widget elementor-widget-divider\" data-id=\"3f5b5d7c\" data-element_type=\"widget\" data-widget_type=\"divider.default\">\n\t\t\t\t<div class=\"elementor-widget-container\">\n\t\t\t\t\t\t\t<div class=\"elementor-divider\">\n\t\t\t<span class=\"elementor-divider-separator\">\n\t\t\t\t\t\t<\/span>\n\t\t<\/div>\n\t\t\t\t\t\t<\/div>\n\t\t\t\t<\/div>\n\t\t\t\t<div class=\"elementor-element elementor-element-1e6e5cd2 elementor-align-center cartes-cta-effet elementor-widget elementor-widget-button\" data-id=\"1e6e5cd2\" data-element_type=\"widget\" data-widget_type=\"button.default\">\n\t\t\t\t<div class=\"elementor-widget-container\">\n\t\t\t\t\t\t\t\t\t<div class=\"elementor-button-wrapper\">\n\t\t\t\t\t<a class=\"elementor-button elementor-button-link elementor-size-sm\" href=\"https:\/\/www.lacloseriedeauville.com\/de\/activites-deauville\/\">\n\t\t\t\t\t\t<span class=\"elementor-button-content-wrapper\">\n\t\t\t\t\t\t\t\t\t<span class=\"elementor-button-text\">Ich entdecke<\/span>\n\t\t\t\t\t<\/span>\n\t\t\t\t\t<\/a>\n\t\t\t\t<\/div>\n\t\t\t\t\t\t\t\t<\/div>\n\t\t\t\t<\/div>\n\t\t\t\t\t<\/div>\n\t\t\t\t<\/div>\n\t\t\t\t<\/div>\n\t\t<div class=\"elementor-element elementor-element-3c310fd8 e-con-full cartes-cta e-flex e-con e-child\" data-id=\"3c310fd8\" data-element_type=\"container\" data-settings=\"{&quot;background_background&quot;:&quot;classic&quot;}\">\n\t\t<div class=\"elementor-element elementor-element-6e648105 cartes-cta-col e-flex e-con-boxed e-con e-child\" data-id=\"6e648105\" data-element_type=\"container\">\n\t\t\t\t\t<div class=\"e-con-inner\">\n\t\t\t\t<div class=\"elementor-element elementor-element-37e1ee1d elementor-widget elementor-widget-heading\" data-id=\"37e1ee1d\" data-element_type=\"widget\" data-widget_type=\"heading.default\">\n\t\t\t\t<div class=\"elementor-widget-container\">\n\t\t\t\t\t<h3 class=\"elementor-heading-title elementor-size-default\">Ausstellungen<br><br><\/h3>\t\t\t\t<\/div>\n\t\t\t\t<\/div>\n\t\t\t\t<div class=\"elementor-element elementor-element-4fe62b61 elementor-hidden-tablet elementor-hidden-mobile elementor-view-default elementor-widget elementor-widget-icon\" data-id=\"4fe62b61\" data-element_type=\"widget\" data-widget_type=\"icon.default\">\n\t\t\t\t<div class=\"elementor-widget-container\">\n\t\t\t\t\t\t\t<div class=\"elementor-icon-wrapper\">\n\t\t\t<div class=\"elementor-icon\">\n\t\t\t<svg xmlns=\"http:\/\/www.w3.org\/2000\/svg\" width=\"25\" height=\"25\" viewbox=\"0 0 25 25\" fill=\"none\"><circle cx=\"12.5\" cy=\"12.5\" r=\"12\" transform=\"rotate(90 12.5 12.5)\" stroke=\"#053759\"><\/circle><path d=\"M18.75 10.3125L12.5 16.5625L6.25 10.3125\" stroke=\"#053759\"><\/path><\/svg>\t\t\t<\/div>\n\t\t<\/div>\n\t\t\t\t\t\t<\/div>\n\t\t\t\t<\/div>\n\t\t\t\t<div class=\"elementor-element elementor-element-2ed6c61a cartes-cta-effet elementor-hidden-tablet elementor-hidden-mobile elementor-widget-divider--view-line elementor-widget elementor-widget-divider\" data-id=\"2ed6c61a\" data-element_type=\"widget\" data-widget_type=\"divider.default\">\n\t\t\t\t<div class=\"elementor-widget-container\">\n\t\t\t\t\t\t\t<div class=\"elementor-divider\">\n\t\t\t<span class=\"elementor-divider-separator\">\n\t\t\t\t\t\t<\/span>\n\t\t<\/div>\n\t\t\t\t\t\t<\/div>\n\t\t\t\t<\/div>\n\t\t\t\t<div class=\"elementor-element elementor-element-57ad83ca elementor-align-center cartes-cta-effet elementor-widget elementor-widget-button\" data-id=\"57ad83ca\" data-element_type=\"widget\" data-widget_type=\"button.default\">\n\t\t\t\t<div class=\"elementor-widget-container\">\n\t\t\t\t\t\t\t\t\t<div class=\"elementor-button-wrapper\">\n\t\t\t\t\t<a class=\"elementor-button elementor-button-link elementor-size-sm\" href=\"https:\/\/www.lacloseriedeauville.com\/de\/ausstellungen-deauville\/\">\n\t\t\t\t\t\t<span class=\"elementor-button-content-wrapper\">\n\t\t\t\t\t\t\t\t\t<span class=\"elementor-button-text\">Ich entdecke<\/span>\n\t\t\t\t\t<\/span>\n\t\t\t\t\t<\/a>\n\t\t\t\t<\/div>\n\t\t\t\t\t\t\t\t<\/div>\n\t\t\t\t<\/div>\n\t\t\t\t\t<\/div>\n\t\t\t\t<\/div>\n\t\t\t\t<\/div>\n\t\t\t\t\t<\/div>\n\t\t\t\t<\/div>\n\t\t\t\t<\/div>","protected":false},"excerpt":{"rendered":"<p>Thalasso in Deauville: Wellness-Zwischenstopp in der Hotelanlage La Closerie Entdecken La Closerie Ich entdecke Entspannen in Deauville Wie w\u00e4re es, wenn Sie sich ein wenig Zeit nehmen w\u00fcrden, um sich am Meer zu erholen, weit weg von der Umweltverschmutzung und der Hektik der Stadt? G\u00f6nnen Sie sich Momente des puren Abschaltens bei einer Thalassotherapie in Deauville [...].<\/p>","protected":false},"author":11,"featured_media":0,"parent":0,"menu_order":0,"comment_status":"closed","ping_status":"closed","template":"","meta":{"inline_featured_image":false,"footnotes":""},"class_list":["post-2369","page","type-page","status-publish","hentry"],"_links":{"self":[{"href":"https:\/\/www.lacloseriedeauville.com\/de\/wp-json\/wp\/v2\/pages\/2369","targetHints":{"allow":["GET"]}}],"collection":[{"href":"https:\/\/www.lacloseriedeauville.com\/de\/wp-json\/wp\/v2\/pages"}],"about":[{"href":"https:\/\/www.lacloseriedeauville.com\/de\/wp-json\/wp\/v2\/types\/page"}],"author":[{"embeddable":true,"href":"https:\/\/www.lacloseriedeauville.com\/de\/wp-json\/wp\/v2\/users\/11"}],"replies":[{"embeddable":true,"href":"https:\/\/www.lacloseriedeauville.com\/de\/wp-json\/wp\/v2\/comments?post=2369"}],"version-history":[{"count":11,"href":"https:\/\/www.lacloseriedeauville.com\/de\/wp-json\/wp\/v2\/pages\/2369\/revisions"}],"predecessor-version":[{"id":2385,"href":"https:\/\/www.lacloseriedeauville.com\/de\/wp-json\/wp\/v2\/pages\/2369\/revisions\/2385"}],"wp:attachment":[{"href":"https:\/\/www.lacloseriedeauville.com\/de\/wp-json\/wp\/v2\/media?parent=2369"}],"curies":[{"name":"wp","href":"https:\/\/api.w.org\/{rel}","templated":true}]}}