{"id":74,"date":"2023-06-23T10:28:41","date_gmt":"2023-06-23T08:28:41","guid":{"rendered":"https:\/\/www.lacloseriedeauville.com\/?page_id=74"},"modified":"2024-04-29T14:50:10","modified_gmt":"2024-04-29T12:50:10","slug":"activites-deauville","status":"publish","type":"page","link":"https:\/\/www.lacloseriedeauville.com\/de\/activites-deauville\/","title":{"rendered":"Aktivit\u00e4ten"},"content":{"rendered":"<div data-elementor-type=\"wp-page\" data-elementor-id=\"74\" class=\"elementor elementor-74\" data-elementor-post-type=\"page\">\n\t\t\t\t<div class=\"elementor-element elementor-element-2113163 e-flex e-con-boxed e-con e-parent\" data-id=\"2113163\" data-element_type=\"container\" data-settings=\"{&quot;background_background&quot;:&quot;classic&quot;}\">\n\t\t\t\t\t<div class=\"e-con-inner\">\n\t\t\t\t<div class=\"elementor-element elementor-element-6f7feb6e elementor-widget elementor-widget-heading\" data-id=\"6f7feb6e\" data-element_type=\"widget\" data-widget_type=\"heading.default\">\n\t\t\t\t<div class=\"elementor-widget-container\">\n\t\t\t\t\t<div class=\"elementor-heading-title elementor-size-default\">Aktivit\u00e4ten<\/div>\t\t\t\t<\/div>\n\t\t\t\t<\/div>\n\t\t\t\t<div class=\"elementor-element elementor-element-f20cbef elementor-widget elementor-widget-heading\" data-id=\"f20cbef\" data-element_type=\"widget\" data-widget_type=\"heading.default\">\n\t\t\t\t<div class=\"elementor-widget-container\">\n\t\t\t\t\t<h1 class=\"elementor-heading-title elementor-size-default\">Aktivit\u00e4ten in Deauville<\/h1>\t\t\t\t<\/div>\n\t\t\t\t<\/div>\n\t\t\t\t<div class=\"elementor-element elementor-element-6d072e70 elementor-widget elementor-widget-button\" data-id=\"6d072e70\" data-element_type=\"widget\" data-widget_type=\"button.default\">\n\t\t\t\t<div class=\"elementor-widget-container\">\n\t\t\t\t\t\t\t\t\t<div class=\"elementor-button-wrapper\">\n\t\t\t\t\t<a class=\"elementor-button elementor-button-link elementor-size-sm\" href=\"#suite\">\n\t\t\t\t\t\t<span class=\"elementor-button-content-wrapper\">\n\t\t\t\t\t\t\t\t\t<span class=\"elementor-button-text\">Ich entdecke<\/span>\n\t\t\t\t\t<\/span>\n\t\t\t\t\t<\/a>\n\t\t\t\t<\/div>\n\t\t\t\t\t\t\t\t<\/div>\n\t\t\t\t<\/div>\n\t\t\t\t<div class=\"elementor-element elementor-element-23c44eb5 elementor-view-default elementor-widget elementor-widget-icon\" data-id=\"23c44eb5\" data-element_type=\"widget\" data-widget_type=\"icon.default\">\n\t\t\t\t<div class=\"elementor-widget-container\">\n\t\t\t\t\t\t\t<div class=\"elementor-icon-wrapper\">\n\t\t\t<a class=\"elementor-icon\" href=\"#suite\">\n\t\t\t<svg xmlns=\"http:\/\/www.w3.org\/2000\/svg\" width=\"32\" height=\"32\" viewbox=\"0 0 32 32\" fill=\"none\"><path d=\"M31 9.74805L16.7067 24.04C16.6139 24.133 16.5037 24.2066 16.3825 24.2568C16.2612 24.3072 16.1312 24.3331 16 24.3331C15.8688 24.3331 15.7388 24.3072 15.6175 24.2568C15.4963 24.2066 15.3861 24.133 15.2933 24.04L1 9.74805\" stroke=\"white\" stroke-width=\"2\" stroke-linecap=\"round\" stroke-linejoin=\"round\"><\/path><\/svg>\t\t\t<\/a>\n\t\t<\/div>\n\t\t\t\t\t\t<\/div>\n\t\t\t\t<\/div>\n\t\t\t\t\t<\/div>\n\t\t\t\t<\/div>\n\t\t<div class=\"elementor-element elementor-element-2c69a7b1 e-flex e-con-boxed e-con e-parent\" data-id=\"2c69a7b1\" data-element_type=\"container\" id=\"suite\">\n\t\t\t\t\t<div class=\"e-con-inner\">\n\t\t<div class=\"elementor-element elementor-element-153866a e-con-full e-flex e-con e-child\" data-id=\"153866a\" data-element_type=\"container\">\n\t\t\t\t<div class=\"elementor-element elementor-element-668b2458 elementor-widget__width-inherit elementor-widget elementor-widget-image\" data-id=\"668b2458\" data-element_type=\"widget\" data-widget_type=\"image.default\">\n\t\t\t\t<div class=\"elementor-widget-container\">\n\t\t\t\t\t\t\t\t\t\t\t\t\t\t\t<img fetchpriority=\"high\" decoding=\"async\" width=\"800\" height=\"624\" src=\"https:\/\/www.lacloseriedeauville.com\/wp-content\/uploads\/2023\/07\/iStock-157726085-1024x799.jpg\" class=\"attachment-large size-large wp-image-1398\" alt=\"pferd im galopp am strand - aktivit\u00e4ten deauville\" srcset=\"https:\/\/www.lacloseriedeauville.com\/wp-content\/uploads\/2023\/07\/iStock-157726085-1024x799.jpg 1024w, https:\/\/www.lacloseriedeauville.com\/wp-content\/uploads\/2023\/07\/iStock-157726085-300x234.jpg 300w, https:\/\/www.lacloseriedeauville.com\/wp-content\/uploads\/2023\/07\/iStock-157726085-768x599.jpg 768w, https:\/\/www.lacloseriedeauville.com\/wp-content\/uploads\/2023\/07\/iStock-157726085-15x12.jpg 15w, https:\/\/www.lacloseriedeauville.com\/wp-content\/uploads\/2023\/07\/iStock-157726085.jpg 1159w\" sizes=\"(max-width: 800px) 100vw, 800px\" title=\"\">\t\t\t\t\t\t\t\t\t\t\t\t\t\t\t<\/div>\n\t\t\t\t<\/div>\n\t\t\t\t<\/div>\n\t\t<div class=\"elementor-element elementor-element-395a2c4d e-con-full e-flex e-con e-child\" data-id=\"395a2c4d\" data-element_type=\"container\">\n\t\t<div class=\"elementor-element elementor-element-6a3f9db6 e-con-full e-flex e-con e-child\" data-id=\"6a3f9db6\" data-element_type=\"container\">\n\t\t\t\t<div class=\"elementor-element elementor-element-fa4c683 elementor-widget elementor-widget-heading\" data-id=\"fa4c683\" data-element_type=\"widget\" data-widget_type=\"heading.default\">\n\t\t\t\t<div class=\"elementor-widget-container\">\n\t\t\t\t\t<h2 class=\"elementor-heading-title elementor-size-default\">Sportliche Aktivit\u00e4ten<\/h2>\t\t\t\t<\/div>\n\t\t\t\t<\/div>\n\t\t\t\t<div class=\"elementor-element elementor-element-4502f764 elementor-widget-divider--view-line elementor-widget elementor-widget-divider\" data-id=\"4502f764\" data-element_type=\"widget\" data-widget_type=\"divider.default\">\n\t\t\t\t<div class=\"elementor-widget-container\">\n\t\t\t\t\t\t\t<div class=\"elementor-divider\">\n\t\t\t<span class=\"elementor-divider-separator\">\n\t\t\t\t\t\t<\/span>\n\t\t<\/div>\n\t\t\t\t\t\t<\/div>\n\t\t\t\t<\/div>\n\t\t\t\t<\/div>\n\t\t\t\t<div class=\"elementor-element elementor-element-470b8d76 elementor-widget elementor-widget-text-editor\" data-id=\"470b8d76\" data-element_type=\"widget\" data-widget_type=\"text-editor.default\">\n\t\t\t\t<div class=\"elementor-widget-container\">\n\t\t\t\t\t\t\t\t\t<div class=\"droite\"><div class=\"texte\"><p>Zahlreiche Aktivit\u00e4ten in <a href=\"https:\/\/www.lacloseriedeauville.com\/de\/decouvrir-deauville-que-faire-a-deauville\/\">Deauville<\/a> sind m\u00f6glich. Ob zu Land oder zu Wasser, g\u00f6nnen Sie sich etwas! Deauville l\u00e4dt zu Ausfl\u00fcgen ein: Ausritte am Strand, Tennis, Motorsport, Segeln, Katamaran, Stand up Paddle, Strandsegeln, Windsurfen, Kajak, Abenteuerparcours, Golf de Deauville Saint-Gatien. Genie\u00dfen Sie Privat- oder Gruppenunterricht mit unserem Privatlehrer David Piednoir.<\/p><\/div><\/div>\t\t\t\t\t\t\t\t<\/div>\n\t\t\t\t<\/div>\n\t\t\t\t<\/div>\n\t\t\t\t\t<\/div>\n\t\t\t\t<\/div>\n\t\t<div class=\"elementor-element elementor-element-26a54837 e-flex e-con-boxed e-con e-parent\" data-id=\"26a54837\" data-element_type=\"container\">\n\t\t\t\t\t<div class=\"e-con-inner\">\n\t\t<div class=\"elementor-element elementor-element-4c99f274 e-con-full e-flex e-con e-child\" data-id=\"4c99f274\" data-element_type=\"container\">\n\t\t<div class=\"elementor-element elementor-element-7b0ffb70 e-con-full e-flex e-con e-child\" data-id=\"7b0ffb70\" data-element_type=\"container\">\n\t\t\t\t<div class=\"elementor-element elementor-element-5a46a03 elementor-widget elementor-widget-heading\" data-id=\"5a46a03\" data-element_type=\"widget\" data-widget_type=\"heading.default\">\n\t\t\t\t<div class=\"elementor-widget-container\">\n\t\t\t\t\t<h2 class=\"elementor-heading-title elementor-size-default\">Kulturelle Aktivit\u00e4ten<\/h2>\t\t\t\t<\/div>\n\t\t\t\t<\/div>\n\t\t\t\t<div class=\"elementor-element elementor-element-5a1b2267 elementor-widget-divider--view-line elementor-widget elementor-widget-divider\" data-id=\"5a1b2267\" data-element_type=\"widget\" data-widget_type=\"divider.default\">\n\t\t\t\t<div class=\"elementor-widget-container\">\n\t\t\t\t\t\t\t<div class=\"elementor-divider\">\n\t\t\t<span class=\"elementor-divider-separator\">\n\t\t\t\t\t\t<\/span>\n\t\t<\/div>\n\t\t\t\t\t\t<\/div>\n\t\t\t\t<\/div>\n\t\t\t\t<\/div>\n\t\t\t\t<div class=\"elementor-element elementor-element-2417eea elementor-widget elementor-widget-text-editor\" data-id=\"2417eea\" data-element_type=\"widget\" data-widget_type=\"text-editor.default\">\n\t\t\t\t<div class=\"elementor-widget-container\">\n\t\t\t\t\t\t\t\t\t<div class=\"droite\"><div class=\"texte\"><p><a href=\"https:\/\/www.lacloseriedeauville.com\/de\/decouvrir-deauville-que-faire-a-deauville\/\">Deauville<\/a> besitzt ein sehr reiches kulturelles Leben. Zwischen Mai und Oktober werden etwa 15 Auff\u00fchrungen aus den verschiedensten Bereichen wie Tanz, Musik, Theater usw. angeboten. Die meisten dieser Auff\u00fchrungen finden im wundersch\u00f6nen italienischen Theater des Kasinos statt. Zahlreiche Festivals unterstreichen das stets anspruchsvolle Programm.<\/p><\/div><\/div>\t\t\t\t\t\t\t\t<\/div>\n\t\t\t\t<\/div>\n\t\t\t\t<\/div>\n\t\t<div class=\"elementor-element elementor-element-30acf647 e-con-full e-flex e-con e-child\" data-id=\"30acf647\" data-element_type=\"container\">\n\t\t\t\t<div class=\"elementor-element elementor-element-5c521261 elementor-widget__width-inherit elementor-widget elementor-widget-image\" data-id=\"5c521261\" data-element_type=\"widget\" data-widget_type=\"image.default\">\n\t\t\t\t<div class=\"elementor-widget-container\">\n\t\t\t\t\t\t\t\t\t\t\t\t\t\t\t<img decoding=\"async\" width=\"800\" height=\"534\" src=\"https:\/\/www.lacloseriedeauville.com\/wp-content\/uploads\/2023\/07\/iStock-1256743594-1024x683.jpg\" class=\"attachment-large size-large wp-image-1399\" alt=\"fassade des casinos von deauville - aktivit\u00e4ten deauville\" srcset=\"https:\/\/www.lacloseriedeauville.com\/wp-content\/uploads\/2023\/07\/iStock-1256743594-1024x683.jpg 1024w, https:\/\/www.lacloseriedeauville.com\/wp-content\/uploads\/2023\/07\/iStock-1256743594-300x200.jpg 300w, https:\/\/www.lacloseriedeauville.com\/wp-content\/uploads\/2023\/07\/iStock-1256743594-768x512.jpg 768w, https:\/\/www.lacloseriedeauville.com\/wp-content\/uploads\/2023\/07\/iStock-1256743594-18x12.jpg 18w, https:\/\/www.lacloseriedeauville.com\/wp-content\/uploads\/2023\/07\/iStock-1256743594.jpg 1254w\" sizes=\"(max-width: 800px) 100vw, 800px\" title=\"\">\t\t\t\t\t\t\t\t\t\t\t\t\t\t\t<\/div>\n\t\t\t\t<\/div>\n\t\t\t\t<\/div>\n\t\t\t\t\t<\/div>\n\t\t\t\t<\/div>\n\t\t<div class=\"elementor-element elementor-element-5834a7c9 e-flex e-con-boxed e-con e-parent\" data-id=\"5834a7c9\" data-element_type=\"container\">\n\t\t\t\t\t<div class=\"e-con-inner\">\n\t\t<div class=\"elementor-element elementor-element-337f7587 e-con-full e-flex e-con e-child\" data-id=\"337f7587\" data-element_type=\"container\">\n\t\t\t\t<div class=\"elementor-element elementor-element-3ec82b4b elementor-widget__width-inherit elementor-widget elementor-widget-image\" data-id=\"3ec82b4b\" data-element_type=\"widget\" data-widget_type=\"image.default\">\n\t\t\t\t<div class=\"elementor-widget-container\">\n\t\t\t\t\t\t\t\t\t\t\t\t\t\t\t<img decoding=\"async\" width=\"800\" height=\"535\" src=\"https:\/\/www.lacloseriedeauville.com\/wp-content\/uploads\/2023\/07\/iStock-1014897596-1024x685.jpg\" class=\"attachment-large size-large wp-image-1400\" alt=\"die bretter von deauville in der n\u00e4he unseres hotels la closerie - aktivit\u00e4ten deauville\" srcset=\"https:\/\/www.lacloseriedeauville.com\/wp-content\/uploads\/2023\/07\/iStock-1014897596-1024x685.jpg 1024w, https:\/\/www.lacloseriedeauville.com\/wp-content\/uploads\/2023\/07\/iStock-1014897596-300x201.jpg 300w, https:\/\/www.lacloseriedeauville.com\/wp-content\/uploads\/2023\/07\/iStock-1014897596-768x514.jpg 768w, https:\/\/www.lacloseriedeauville.com\/wp-content\/uploads\/2023\/07\/iStock-1014897596-18x12.jpg 18w, https:\/\/www.lacloseriedeauville.com\/wp-content\/uploads\/2023\/07\/iStock-1014897596.jpg 1252w\" sizes=\"(max-width: 800px) 100vw, 800px\" title=\"\">\t\t\t\t\t\t\t\t\t\t\t\t\t\t\t<\/div>\n\t\t\t\t<\/div>\n\t\t\t\t<\/div>\n\t\t<div class=\"elementor-element elementor-element-215e4bd e-con-full e-flex e-con e-child\" data-id=\"215e4bd\" data-element_type=\"container\">\n\t\t<div class=\"elementor-element elementor-element-628b447d e-con-full e-flex e-con e-child\" data-id=\"628b447d\" data-element_type=\"container\">\n\t\t\t\t<div class=\"elementor-element elementor-element-5435b08 elementor-widget elementor-widget-heading\" data-id=\"5435b08\" data-element_type=\"widget\" data-widget_type=\"heading.default\">\n\t\t\t\t<div class=\"elementor-widget-container\">\n\t\t\t\t\t<h2 class=\"elementor-heading-title elementor-size-default\">Veranstaltungen<\/h2>\t\t\t\t<\/div>\n\t\t\t\t<\/div>\n\t\t\t\t<div class=\"elementor-element elementor-element-3c6a891a elementor-widget-divider--view-line elementor-widget elementor-widget-divider\" data-id=\"3c6a891a\" data-element_type=\"widget\" data-widget_type=\"divider.default\">\n\t\t\t\t<div class=\"elementor-widget-container\">\n\t\t\t\t\t\t\t<div class=\"elementor-divider\">\n\t\t\t<span class=\"elementor-divider-separator\">\n\t\t\t\t\t\t<\/span>\n\t\t<\/div>\n\t\t\t\t\t\t<\/div>\n\t\t\t\t<\/div>\n\t\t\t\t<\/div>\n\t\t\t\t<div class=\"elementor-element elementor-element-26df01c0 elementor-widget elementor-widget-text-editor\" data-id=\"26df01c0\" data-element_type=\"widget\" data-widget_type=\"text-editor.default\">\n\t\t\t\t<div class=\"elementor-widget-container\">\n\t\t\t\t\t\t\t\t\t<div class=\"droite\"><div class=\"texte\"><p>Deauville macht bei gro\u00dfen internationalen Veranstaltungen von sich reden, sei es Sport, Film, Fotografie und nat\u00fcrlich Pferde in all ihren Formen: Pferderennen, Auktionen, gro\u00dfe Wettk\u00e4mpfe (Jumping, Polo...). Anfang September stellt das Festival du Cin\u00e9ma Am\u00e9ricain die Vielfalt des amerikanischen Kinos und seiner Akteure in den Mittelpunkt.<\/p><p>Kulturell, sportlich, mond\u00e4n - das sind nicht die Aktivit\u00e4ten in <a href=\"https:\/\/www.lacloseriedeauville.com\/de\/decouvrir-deauville-que-faire-a-deauville\/\">Deauville<\/a> die fehlen.<\/p><\/div><\/div>\t\t\t\t\t\t\t\t<\/div>\n\t\t\t\t<\/div>\n\t\t\t\t<\/div>\n\t\t\t\t\t<\/div>\n\t\t\t\t<\/div>\n\t\t<div class=\"elementor-element elementor-element-c0bd932 e-flex e-con-boxed e-con e-parent\" data-id=\"c0bd932\" data-element_type=\"container\">\n\t\t\t\t\t<div class=\"e-con-inner\">\n\t\t<div class=\"elementor-element elementor-element-e896cb2 e-con-full cartes-cta e-flex e-con e-child\" data-id=\"e896cb2\" data-element_type=\"container\" data-settings=\"{&quot;background_background&quot;:&quot;classic&quot;}\">\n\t\t<div class=\"elementor-element elementor-element-7e2220a cartes-cta-col e-flex e-con-boxed e-con e-child\" data-id=\"7e2220a\" data-element_type=\"container\">\n\t\t\t\t\t<div class=\"e-con-inner\">\n\t\t\t\t<div class=\"elementor-element elementor-element-d2c5608 elementor-widget elementor-widget-heading\" data-id=\"d2c5608\" data-element_type=\"widget\" data-widget_type=\"heading.default\">\n\t\t\t\t<div class=\"elementor-widget-container\">\n\t\t\t\t\t<h3 class=\"elementor-heading-title elementor-size-default\">Entdecken Sie<br> Deauville<\/h3>\t\t\t\t<\/div>\n\t\t\t\t<\/div>\n\t\t\t\t<div class=\"elementor-element elementor-element-8a8d4e4 elementor-hidden-tablet elementor-hidden-mobile elementor-view-default elementor-widget elementor-widget-icon\" data-id=\"8a8d4e4\" data-element_type=\"widget\" data-widget_type=\"icon.default\">\n\t\t\t\t<div class=\"elementor-widget-container\">\n\t\t\t\t\t\t\t<div class=\"elementor-icon-wrapper\">\n\t\t\t<div class=\"elementor-icon\">\n\t\t\t<svg xmlns=\"http:\/\/www.w3.org\/2000\/svg\" width=\"25\" height=\"25\" viewbox=\"0 0 25 25\" fill=\"none\"><circle cx=\"12.5\" cy=\"12.5\" r=\"12\" transform=\"rotate(90 12.5 12.5)\" stroke=\"#053759\"><\/circle><path d=\"M18.75 10.3125L12.5 16.5625L6.25 10.3125\" stroke=\"#053759\"><\/path><\/svg>\t\t\t<\/div>\n\t\t<\/div>\n\t\t\t\t\t\t<\/div>\n\t\t\t\t<\/div>\n\t\t\t\t<div class=\"elementor-element elementor-element-bd74c3c cartes-cta-effet elementor-hidden-tablet elementor-hidden-mobile elementor-widget-divider--view-line elementor-widget elementor-widget-divider\" data-id=\"bd74c3c\" data-element_type=\"widget\" data-widget_type=\"divider.default\">\n\t\t\t\t<div class=\"elementor-widget-container\">\n\t\t\t\t\t\t\t<div class=\"elementor-divider\">\n\t\t\t<span class=\"elementor-divider-separator\">\n\t\t\t\t\t\t<\/span>\n\t\t<\/div>\n\t\t\t\t\t\t<\/div>\n\t\t\t\t<\/div>\n\t\t\t\t<div class=\"elementor-element elementor-element-155f024 elementor-align-center cartes-cta-effet elementor-widget elementor-widget-button\" data-id=\"155f024\" data-element_type=\"widget\" data-widget_type=\"button.default\">\n\t\t\t\t<div class=\"elementor-widget-container\">\n\t\t\t\t\t\t\t\t\t<div class=\"elementor-button-wrapper\">\n\t\t\t\t\t<a class=\"elementor-button elementor-button-link elementor-size-sm\" href=\"https:\/\/www.lacloseriedeauville.com\/de\/decouvrir-deauville-que-faire-a-deauville\/\">\n\t\t\t\t\t\t<span class=\"elementor-button-content-wrapper\">\n\t\t\t\t\t\t\t\t\t<span class=\"elementor-button-text\">Ich entdecke<\/span>\n\t\t\t\t\t<\/span>\n\t\t\t\t\t<\/a>\n\t\t\t\t<\/div>\n\t\t\t\t\t\t\t\t<\/div>\n\t\t\t\t<\/div>\n\t\t\t\t\t<\/div>\n\t\t\t\t<\/div>\n\t\t\t\t<\/div>\n\t\t<div class=\"elementor-element elementor-element-3ad2472 e-con-full cartes-cta e-flex e-con e-child\" data-id=\"3ad2472\" data-element_type=\"container\" data-settings=\"{&quot;background_background&quot;:&quot;classic&quot;}\">\n\t\t<div class=\"elementor-element elementor-element-48fcf6c cartes-cta-col e-flex e-con-boxed e-con e-child\" data-id=\"48fcf6c\" data-element_type=\"container\">\n\t\t\t\t\t<div class=\"e-con-inner\">\n\t\t\t\t<div class=\"elementor-element elementor-element-ca8c9b7 elementor-widget elementor-widget-heading\" data-id=\"ca8c9b7\" data-element_type=\"widget\" data-widget_type=\"heading.default\">\n\t\t\t\t<div class=\"elementor-widget-container\">\n\t\t\t\t\t<h3 class=\"elementor-heading-title elementor-size-default\">Die <br>Umgebung<\/h3>\t\t\t\t<\/div>\n\t\t\t\t<\/div>\n\t\t\t\t<div class=\"elementor-element elementor-element-3118e56 elementor-hidden-tablet elementor-hidden-mobile elementor-view-default elementor-widget elementor-widget-icon\" data-id=\"3118e56\" data-element_type=\"widget\" data-widget_type=\"icon.default\">\n\t\t\t\t<div class=\"elementor-widget-container\">\n\t\t\t\t\t\t\t<div class=\"elementor-icon-wrapper\">\n\t\t\t<div class=\"elementor-icon\">\n\t\t\t<svg xmlns=\"http:\/\/www.w3.org\/2000\/svg\" width=\"25\" height=\"25\" viewbox=\"0 0 25 25\" fill=\"none\"><circle cx=\"12.5\" cy=\"12.5\" r=\"12\" transform=\"rotate(90 12.5 12.5)\" stroke=\"#053759\"><\/circle><path d=\"M18.75 10.3125L12.5 16.5625L6.25 10.3125\" stroke=\"#053759\"><\/path><\/svg>\t\t\t<\/div>\n\t\t<\/div>\n\t\t\t\t\t\t<\/div>\n\t\t\t\t<\/div>\n\t\t\t\t<div class=\"elementor-element elementor-element-592ab14 cartes-cta-effet elementor-hidden-tablet elementor-hidden-mobile elementor-widget-divider--view-line elementor-widget elementor-widget-divider\" data-id=\"592ab14\" data-element_type=\"widget\" data-widget_type=\"divider.default\">\n\t\t\t\t<div class=\"elementor-widget-container\">\n\t\t\t\t\t\t\t<div class=\"elementor-divider\">\n\t\t\t<span class=\"elementor-divider-separator\">\n\t\t\t\t\t\t<\/span>\n\t\t<\/div>\n\t\t\t\t\t\t<\/div>\n\t\t\t\t<\/div>\n\t\t\t\t<div class=\"elementor-element elementor-element-5371467 elementor-align-center cartes-cta-effet elementor-widget elementor-widget-button\" data-id=\"5371467\" data-element_type=\"widget\" data-widget_type=\"button.default\">\n\t\t\t\t<div class=\"elementor-widget-container\">\n\t\t\t\t\t\t\t\t\t<div class=\"elementor-button-wrapper\">\n\t\t\t\t\t<a class=\"elementor-button elementor-button-link elementor-size-sm\" href=\"https:\/\/www.lacloseriedeauville.com\/de\/les-environs-que-faire-aut-our-deauville\/\">\n\t\t\t\t\t\t<span class=\"elementor-button-content-wrapper\">\n\t\t\t\t\t\t\t\t\t<span class=\"elementor-button-text\">Ich entdecke<\/span>\n\t\t\t\t\t<\/span>\n\t\t\t\t\t<\/a>\n\t\t\t\t<\/div>\n\t\t\t\t\t\t\t\t<\/div>\n\t\t\t\t<\/div>\n\t\t\t\t\t<\/div>\n\t\t\t\t<\/div>\n\t\t\t\t<\/div>\n\t\t<div class=\"elementor-element elementor-element-54ec8cb e-con-full cartes-cta e-flex e-con e-child\" data-id=\"54ec8cb\" data-element_type=\"container\" data-settings=\"{&quot;background_background&quot;:&quot;classic&quot;}\">\n\t\t<div class=\"elementor-element elementor-element-3443846 cartes-cta-col e-flex e-con-boxed e-con e-child\" data-id=\"3443846\" data-element_type=\"container\">\n\t\t\t\t\t<div class=\"e-con-inner\">\n\t\t\t\t<div class=\"elementor-element elementor-element-8d3edbd elementor-widget elementor-widget-heading\" data-id=\"8d3edbd\" data-element_type=\"widget\" data-widget_type=\"heading.default\">\n\t\t\t\t<div class=\"elementor-widget-container\">\n\t\t\t\t\t<h3 class=\"elementor-heading-title elementor-size-default\">Ausstellungen<br><br><\/h3>\t\t\t\t<\/div>\n\t\t\t\t<\/div>\n\t\t\t\t<div class=\"elementor-element elementor-element-a833be2 elementor-hidden-tablet elementor-hidden-mobile elementor-view-default elementor-widget elementor-widget-icon\" data-id=\"a833be2\" data-element_type=\"widget\" data-widget_type=\"icon.default\">\n\t\t\t\t<div class=\"elementor-widget-container\">\n\t\t\t\t\t\t\t<div class=\"elementor-icon-wrapper\">\n\t\t\t<div class=\"elementor-icon\">\n\t\t\t<svg xmlns=\"http:\/\/www.w3.org\/2000\/svg\" width=\"25\" height=\"25\" viewbox=\"0 0 25 25\" fill=\"none\"><circle cx=\"12.5\" cy=\"12.5\" r=\"12\" transform=\"rotate(90 12.5 12.5)\" stroke=\"#053759\"><\/circle><path d=\"M18.75 10.3125L12.5 16.5625L6.25 10.3125\" stroke=\"#053759\"><\/path><\/svg>\t\t\t<\/div>\n\t\t<\/div>\n\t\t\t\t\t\t<\/div>\n\t\t\t\t<\/div>\n\t\t\t\t<div class=\"elementor-element elementor-element-e0c7cb8 cartes-cta-effet elementor-hidden-tablet elementor-hidden-mobile elementor-widget-divider--view-line elementor-widget elementor-widget-divider\" data-id=\"e0c7cb8\" data-element_type=\"widget\" data-widget_type=\"divider.default\">\n\t\t\t\t<div class=\"elementor-widget-container\">\n\t\t\t\t\t\t\t<div class=\"elementor-divider\">\n\t\t\t<span class=\"elementor-divider-separator\">\n\t\t\t\t\t\t<\/span>\n\t\t<\/div>\n\t\t\t\t\t\t<\/div>\n\t\t\t\t<\/div>\n\t\t\t\t<div class=\"elementor-element elementor-element-894d538 elementor-align-center cartes-cta-effet elementor-widget elementor-widget-button\" data-id=\"894d538\" data-element_type=\"widget\" data-widget_type=\"button.default\">\n\t\t\t\t<div class=\"elementor-widget-container\">\n\t\t\t\t\t\t\t\t\t<div class=\"elementor-button-wrapper\">\n\t\t\t\t\t<a class=\"elementor-button elementor-button-link elementor-size-sm\" href=\"https:\/\/www.lacloseriedeauville.com\/de\/ausstellungen-deauville\/\">\n\t\t\t\t\t\t<span class=\"elementor-button-content-wrapper\">\n\t\t\t\t\t\t\t\t\t<span class=\"elementor-button-text\">Ich entdecke<\/span>\n\t\t\t\t\t<\/span>\n\t\t\t\t\t<\/a>\n\t\t\t\t<\/div>\n\t\t\t\t\t\t\t\t<\/div>\n\t\t\t\t<\/div>\n\t\t\t\t\t<\/div>\n\t\t\t\t<\/div>\n\t\t\t\t<\/div>\n\t\t\t\t\t<\/div>\n\t\t\t\t<\/div>\n\t\t\t\t<\/div>","protected":false},"excerpt":{"rendered":"<p>Aktivit\u00e4ten Aktivit\u00e4ten in Deauville Ich entdecke sportliche Aktivit\u00e4ten Zahlreiche Aktivit\u00e4ten in Deauville sind m\u00f6glich. Ob an Land oder auf See, g\u00f6nnen Sie sich etwas! Deauville l\u00e4dt dazu ein, dem Alltag zu entfliehen: Ausritte am Strand, Tennis, Motorsport, Segeln, Katamaran, Stand up Paddle, Strandsegeln, Windsurfen, Kajak, Abenteuerparcours, Golf de Deauville Saint-Gatien. [...]<\/p>","protected":false},"author":12,"featured_media":0,"parent":0,"menu_order":0,"comment_status":"closed","ping_status":"closed","template":"","meta":{"inline_featured_image":false,"footnotes":""},"class_list":["post-74","page","type-page","status-publish","hentry"],"_links":{"self":[{"href":"https:\/\/www.lacloseriedeauville.com\/de\/wp-json\/wp\/v2\/pages\/74","targetHints":{"allow":["GET"]}}],"collection":[{"href":"https:\/\/www.lacloseriedeauville.com\/de\/wp-json\/wp\/v2\/pages"}],"about":[{"href":"https:\/\/www.lacloseriedeauville.com\/de\/wp-json\/wp\/v2\/types\/page"}],"author":[{"embeddable":true,"href":"https:\/\/www.lacloseriedeauville.com\/de\/wp-json\/wp\/v2\/users\/12"}],"replies":[{"embeddable":true,"href":"https:\/\/www.lacloseriedeauville.com\/de\/wp-json\/wp\/v2\/comments?post=74"}],"version-history":[{"count":49,"href":"https:\/\/www.lacloseriedeauville.com\/de\/wp-json\/wp\/v2\/pages\/74\/revisions"}],"predecessor-version":[{"id":2405,"href":"https:\/\/www.lacloseriedeauville.com\/de\/wp-json\/wp\/v2\/pages\/74\/revisions\/2405"}],"wp:attachment":[{"href":"https:\/\/www.lacloseriedeauville.com\/de\/wp-json\/wp\/v2\/media?parent=74"}],"curies":[{"name":"wp","href":"https:\/\/api.w.org\/{rel}","templated":true}]}}