{"id":89,"date":"2023-06-23T10:35:08","date_gmt":"2023-06-23T08:35:08","guid":{"rendered":"https:\/\/www.lacloseriedeauville.com\/?page_id=89"},"modified":"2023-07-21T10:44:26","modified_gmt":"2023-07-21T08:44:26","slug":"allgemeine-verkaufsbedingungen","status":"publish","type":"page","link":"https:\/\/www.lacloseriedeauville.com\/de\/allgemeine-verkaufsbedingungen\/","title":{"rendered":"AGB"},"content":{"rendered":"<div data-elementor-type=\"wp-page\" data-elementor-id=\"89\" class=\"elementor elementor-89\" data-elementor-post-type=\"page\">\n\t\t\t\t<div class=\"elementor-element elementor-element-c51dc04 e-flex e-con-boxed e-con e-parent\" data-id=\"c51dc04\" data-element_type=\"container\">\n\t\t\t\t\t<div class=\"e-con-inner\">\n\t\t\t\t<div class=\"elementor-element elementor-element-e8604b2 elementor-widget elementor-widget-text-editor\" data-id=\"e8604b2\" data-element_type=\"widget\" data-widget_type=\"text-editor.default\">\n\t\t\t\t<div class=\"elementor-widget-container\">\n\t\t\t\t\t\t\t\t\t<p>Diese Bedingungen gelten f\u00fcr alle Verk\u00e4ufe, die direkt mit La Closerie Deauville mit Sitz in 59, rue Albert Fracasse - 14800 Deauville abgeschlossen werden (mit Ausnahme von Verk\u00e4ufen, die mit Online-Agenturen vom Typ booking.com abgeschlossen werden, Gruppenbuchungen und Seminaren).<br \/>Damit best\u00e4tigt der Kunde, dass er die vorliegenden Allgemeinen Gesch\u00e4ftsbedingungen zur Kenntnis genommen hat und sich verpflichtet, sie einzuhalten.<br \/>Diese Verkaufsbedingungen k\u00f6nnen jederzeit ge\u00e4ndert werden, und es gelten die Bedingungen, die zum Zeitpunkt der Buchung g\u00fcltig sind.<\/p><h2>ARTIKEL 1- DIE GEB\u00dcHREN<\/h2><p>Die angegebenen Preise sind in \u20acuro und inkl. MwSt. angegeben und ber\u00fccksichtigen die am Tag der Buchung geltende Mehrwertsteuer. Jede \u00c4nderung des anwendbaren Steuersatzes oder jede \u00c4nderung oder Einf\u00fchrung neuer gesetzlicher Steuern, die von den zust\u00e4ndigen Beh\u00f6rden eingef\u00fchrt werden, wird automatisch auf die am Tag der Rechnungsstellung angegebenen Preise \u00fcbertragen.<br \/>Die Preise erstrecken sich pro Zimmer f\u00fcr die angegebene Anzahl von Personen und je nach gew\u00e4hltem Zeitraum und beinhalten keine Leistungen (sofern nicht anders angegeben)<br \/>Die Kurtaxe, die zus\u00e4tzlich erhoben wird, muss direkt vor Ort bezahlt werden. Es wird der jeweils g\u00fcltige Tarif angewendet, der von den Gemeinden der St\u00e4dte, in denen sich die betreffenden Einrichtungen befinden, festgelegt wird (sofern bei der Buchung nichts anderes angegeben ist).<br \/>Einige Leistungen k\u00f6nnen einen Aufpreis erfordern und unterliegen eventuellen \u00c4nderungen ohne Vorank\u00fcndigung, f\u00fcr die das Hotel in keinem Fall haftbar gemacht werden kann.<br \/>F\u00fcr Aufenthalte, die vor der Einf\u00fchrung eines eventuellen Werbeangebots gebucht wurden, wird keine R\u00fcckerstattung, auch nicht teilweise, gew\u00e4hrt.<\/p><h2>ARTIKEL 2- BUCHUNGEN UND ZAHLUNGSMITTEL<\/h2><p>Reservierungen k\u00f6nnen auf den Websites www.lacloserieresidences.fr oder www.lacloseriedeauville.com, telefonisch, per E-Mail oder per Post vorgenommen werden.<br \/>Die Buchung wird erst wirksam, wenn sie vom Gast garantiert wird, entweder durch die Angabe einer Kreditkartennummer mit G\u00fcltigkeitsdatum oder durch eine Anzahlung, und nachdem er eine detaillierte Buchungsbest\u00e4tigung erhalten hat.<br \/>Die Bezahlung aller Leistungen erfolgt direkt im Wohnheim (Ausnahmen gelten f\u00fcr Buchungen, die zum Zeitpunkt der Buchung im Voraus bezahlt werden).<br \/>Das Wohnheim beh\u00e4lt sich das Recht vor, Buchungen abzulehnen, falls die Kreditkartennummer nicht korrekt oder die Buchung unvollst\u00e4ndig ist.<br \/>Buchungen jeglicher Art sind nur in \u20acuro zahlbar.<br \/>La Closerie Deauville akzeptiert die folgenden Kreditkarten: Visa, Mastercard und American Express und verf\u00fcgt \u00fcber ein sicheres Buchungssystem (SSL), das alle sensiblen Daten, die bei der Buchung \u00fcbermittelt werden, sch\u00fctzt und verschl\u00fcsselt, um eine Weitergabe an Dritte zu verhindern.<br \/>Bei der Registrierung der Buchung wird eine Anzahlung in H\u00f6he von 30% des Gesamtbetrages f\u00fcr den Aufenthalt erhoben.<\/p><p>Ein h\u00f6herer Betrag kann in den folgenden F\u00e4llen erhoben werden:<br \/>- Werbeangebot \"nicht stornierbar- nicht erstattungsf\u00e4hig\".<br \/>- Wenn das G\u00fcltigkeitsdatum der Kreditkarte vor dem Ankunftsdatum liegt.<\/p><p>In jedem Fall wird der Gast aufgefordert, bei seiner Ankunft die Karte vorzulegen, mit der er die Vorauszahlung oder die Anzahlung geleistet hat. Andernfalls beh\u00e4lt sich La Closerie Deauville das Recht vor, die Reservierung abzulehnen und zu stornieren.<\/p><p>Der Kunde ist allein verantwortlich f\u00fcr seine Auswahl der Dienstleistungen und deren Eignung f\u00fcr seine Bed\u00fcrfnisse, so dass La Closerie Deauville in dieser Hinsicht nicht haftbar gemacht werden kann.<\/p><h2>ARTIKEL 3-H\u00d6HERE GEWALT<\/h2><p>H\u00f6here Gewalt ist ein Ereignis au\u00dferhalb der Parteien, das unvorhersehbar und un\u00fcberwindbar ist und den Kunden daran hindert, die Reise durchzuf\u00fchren und alle oder einen Teil seiner vertraglichen Verpflichtungen zu erf\u00fcllen. Dies gilt insbesondere f\u00fcr Streiks der Transportmittel, des Hotelpersonals, Regierungs- oder \u00f6ffentliche Unruhen.<\/p><h2>ARTIKEL 4- \u00c4NDERUNG UND STORNIERUNG DES AUFENTHALTS<\/h2><p>Jede \u00c4nderung oder Stornierung einer Reservierung muss per E-Mail an die Residenz info@lacloseriedeauville.com oder telefonisch unter 02.31.14.15.16 oder auf www.lacloseriedeauville.com beantragt werden, wenn die Reservierung auf der Website der Closerie Deauville vorgenommen wurde.<\/p><p>- Mehr als 48 Stunden vor dem Ankunftsdatum wird die geleistete Anzahlung zur\u00fcckerstattet oder auf einen sp\u00e4teren Aufenthalt \u00fcbertragen.<br \/>- Bei weniger als 48 Stunden vor dem Ankunftsdatum, Stornierung am Anreisetag, Nichterscheinen, versp\u00e4teter Ankunft, vorzeitiger Abreise wird der Betrag f\u00fcr die erste oder die betroffene gebuchte Nacht f\u00e4llig (Unterkunft und andere gebuchte Leistungen), in Rechnung gestellt und von der als Garantie hinterlassenen Karte abgebucht.<\/p><p>Diese Bedingungen f\u00fcr Stornierungen oder \u00c4nderungen gelten nur f\u00fcr die Tarife BAR, Treue und Flexible.<\/p><p>F\u00fcr Sondertarife (nicht erstattbar, nicht umtauschbar, Sonderangebote oder \u00e4hnliches) gelten andere Bedingungen als die oben aufgef\u00fchrten (vgl. die Bedingungen dieser Tarife zum Zeitpunkt der Buchung und Best\u00e4tigung).<br \/>Der Antrag wird erst dann wirksam, wenn La Closerie Deauville seine Annahme schriftlich best\u00e4tigt hat.<\/p><p>Bei Buchungen, die \u00fcber die Website unserer Partner get\u00e4tigt werden, muss die Stornierung \u00fcber diese Website erfolgen. Die Stornierungsbedingungen, die dann gelten, sind spezifisch f\u00fcr den Partner und k\u00f6nnen daher von La Closerie Deauville abweichen.<br \/>Im Falle einer Verl\u00e4ngerung des Aufenthalts muss der Kunde die Rezeption des Wohnheims bis sp\u00e4testens 10:00 Uhr am Tag der geplanten Abreise informieren, um die Verf\u00fcgbarkeit und die Preise zu erfahren.<\/p><h2>ARTIKEL 5- DAS HOTEL UND DIE LEISTUNGEN<\/h2><p>Der Kinderfr\u00fchst\u00fcckstarif gilt f\u00fcr Kinder bis zu einem Alter von ausschlie\u00dflich 12 Jahren.<br \/>Aus Sicherheits- und Hygienegr\u00fcnden sind unsere tierischen Freunde im Fr\u00fchst\u00fccksraum nicht erlaubt.<br \/>Die Wohnungen stehen ab 16:00 Uhr zur Verf\u00fcgung und m\u00fcssen am Abreisetag bis 12:00 Uhr ger\u00e4umt werden. Bei Nichteinhaltung der maximalen Abreisezeit kann ein Aufpreis berechnet werden. Bei einer Ankunft nach 20:00 Uhr muss die Rezeption benachrichtigt werden.<br \/>Der Kunde akzeptiert und verpflichtet sich, die Wohnungen als guter Familienvater zu nutzen. Ein Verhalten, das gegen die guten Sitten und die \u00f6ffentliche Ordnung verst\u00f6\u00dft, f\u00fchrt dazu, dass der Hotelier den Kunden auffordert, die Unterkunft ohne jegliche Entsch\u00e4digung oder R\u00fcckerstattung zu verlassen, wenn bereits eine Zahlung geleistet wurde.<\/p><h2>ARTIKEL 6-UNTERBRINGUNG<\/h2><p>Im Falle der Nichtverf\u00fcgbarkeit von La Closerie Deauville oder im Falle h\u00f6herer Gewalt beh\u00e4lt sich La Closerie Deauville die M\u00f6glichkeit vor, den Kunden ganz oder teilweise in einem Hotel der gleichen oder einer h\u00f6heren Kategorie unterzubringen, das Leistungen der gleichen Art anbietet. Der Transfer geht dann zu Lasten des Hoteliers, der nicht auf Zahlung einer zus\u00e4tzlichen Entsch\u00e4digung in Anspruch genommen werden kann.<\/p><h2>ARTIKEL 7- REKLAMATIONEN<\/h2><p>Jede Beschwerde muss an La Closerie Deauville per Einschreiben mit R\u00fcckschein gerichtet werden, und zwar innerhalb von 15 Tagen nach der Abreise des Aufenthalts, der Gegenstand der besagten Beschwerde ist. Nach Ablauf dieser Frist kann keine Reklamation mehr ber\u00fccksichtigt werden.<\/p><h2>ARTIKEL 8- INFORMATIK UND FREIHEIT<\/h2><p>In Anwendung des Gesetzes 78-17, genannt Informatik und Freiheiten, werden die Kunden darauf hingewiesen, dass ihre Reservierung Gegenstand einer namentlichen EDV-Verarbeitung ist. Die Nutzer haben das Recht, auf die eingegebenen Daten zuzugreifen und sie zu berichtigen. Dieses Recht kann \u00fcber den Firmensitz ausge\u00fcbt werden: La Closerie Deauville - 59, rue Albert Fracasse - 14800 Deauville. Es wird darauf hingewiesen, dass diese Informationen nicht an Dritte weitergegeben werden.<\/p><p>La Closerie Deauville bietet einen Wifi-Internetzugang an. Der Kunde verpflichtet sich, dass die ihm zur Verf\u00fcgung gestellten Computerressourcen in keiner Weise f\u00fcr die Vervielf\u00e4ltigung, Darstellung, Bereitstellung oder \u00f6ffentliche Wiedergabe von Werken oder Objekten genutzt werden, die durch ein Urheberrecht oder ein verwandtes Schutzrecht gesch\u00fctzt sind, wie Texte, Bilder, Fotografien, audiovisuelle Musikwerke, Software und Videospiele, ohne die Genehmigung der Inhaber der in Buch I und II des Gesetzes \u00fcber geistiges Eigentum vorgesehenen Rechte, sofern eine solche Genehmigung erforderlich ist.<\/p><h2>ARTIKEL 9- VERANTWORTLICHKEITEN<\/h2><p>La Closerie Deauville \u00fcbernimmt keine Verantwortung f\u00fcr Diebstahl, Verlust oder Besch\u00e4digung von Gegenst\u00e4nden, die den G\u00e4sten w\u00e4hrend ihres Aufenthalts geh\u00f6ren.<br \/>Der Kunde wird f\u00fcr alle Sch\u00e4den, Besch\u00e4digungen und Vandalismus haftbar gemacht, die durch die Belegung der R\u00e4umlichkeiten und\/oder durch die Teilnehmer und\/oder das Personal, f\u00fcr das er verantwortlich ist, an beweglichen, dekorativen und unbeweglichen G\u00fctern, die dem Wohnheim geh\u00f6ren oder nicht, entstehen k\u00f6nnten.<br \/>Aus diesem Grund kann La Closerie Deauville daher vom Kunden verlangen, die Einrichtung ohne Entsch\u00e4digung und ohne R\u00fcckerstattung des laufenden Aufenthalts zu verlassen und den durch diese Handlungen verursachten Schaden zu ersetzen.<\/p><h2>Art.10- GELTENDES GESETZ<\/h2><p>Die vorliegenden Allgemeinen Gesch\u00e4ftsbedingungen unterliegen dem franz\u00f6sischen Recht. Dies gilt sowohl f\u00fcr die materiellen als auch f\u00fcr die formellen Regeln. F\u00fcr Streitigkeiten sind ausschlie\u00dflich die franz\u00f6sischen Gerichte zust\u00e4ndig.<\/p>\t\t\t\t\t\t\t\t<\/div>\n\t\t\t\t<\/div>\n\t\t\t\t\t<\/div>\n\t\t\t\t<\/div>\n\t\t\t\t<\/div>","protected":false},"excerpt":{"rendered":"<p>Diese Bedingungen gelten f\u00fcr alle Verk\u00e4ufe, die direkt mit La Closerie Deauville mit Sitz in 59, rue Albert Fracasse - 14800 Deauville abgeschlossen werden (mit Ausnahme von Verk\u00e4ufen, die mit Online-Agenturen vom Typ booking.com abgeschlossen werden, Gruppenreservierungen und Seminaren).Aus diesem Grund best\u00e4tigt der Kunde, dass er die vorliegenden Bedingungen [...] zur Kenntnis genommen hat.<\/p>","protected":false},"author":12,"featured_media":0,"parent":0,"menu_order":0,"comment_status":"closed","ping_status":"closed","template":"","meta":{"inline_featured_image":false,"footnotes":""},"class_list":["post-89","page","type-page","status-publish","hentry"],"_links":{"self":[{"href":"https:\/\/www.lacloseriedeauville.com\/de\/wp-json\/wp\/v2\/pages\/89","targetHints":{"allow":["GET"]}}],"collection":[{"href":"https:\/\/www.lacloseriedeauville.com\/de\/wp-json\/wp\/v2\/pages"}],"about":[{"href":"https:\/\/www.lacloseriedeauville.com\/de\/wp-json\/wp\/v2\/types\/page"}],"author":[{"embeddable":true,"href":"https:\/\/www.lacloseriedeauville.com\/de\/wp-json\/wp\/v2\/users\/12"}],"replies":[{"embeddable":true,"href":"https:\/\/www.lacloseriedeauville.com\/de\/wp-json\/wp\/v2\/comments?post=89"}],"version-history":[{"count":9,"href":"https:\/\/www.lacloseriedeauville.com\/de\/wp-json\/wp\/v2\/pages\/89\/revisions"}],"predecessor-version":[{"id":1546,"href":"https:\/\/www.lacloseriedeauville.com\/de\/wp-json\/wp\/v2\/pages\/89\/revisions\/1546"}],"wp:attachment":[{"href":"https:\/\/www.lacloseriedeauville.com\/de\/wp-json\/wp\/v2\/media?parent=89"}],"curies":[{"name":"wp","href":"https:\/\/api.w.org\/{rel}","templated":true}]}}