{"id":2348,"date":"2024-03-28T10:27:53","date_gmt":"2024-03-28T09:27:53","guid":{"rendered":"https:\/\/www.lacloseriedeauville.com\/?page_id=2348"},"modified":"2024-03-28T10:43:41","modified_gmt":"2024-03-28T09:43:41","slug":"deauville-spa-weekend","status":"publish","type":"page","link":"https:\/\/www.lacloseriedeauville.com\/en\/deauville-spa-weekend\/","title":{"rendered":"Deauville spa weekend"},"content":{"rendered":"<div data-elementor-type=\"wp-page\" data-elementor-id=\"2348\" class=\"elementor elementor-2348\" data-elementor-post-type=\"page\">\n\t\t\t\t<div class=\"elementor-element elementor-element-5bc38e8a e-flex e-con-boxed e-con e-parent\" data-id=\"5bc38e8a\" data-element_type=\"container\" data-settings=\"{&quot;background_background&quot;:&quot;classic&quot;}\">\n\t\t\t\t\t<div class=\"e-con-inner\">\n\t\t\t\t<div class=\"elementor-element elementor-element-5ba1b4c3 elementor-widget elementor-widget-heading\" data-id=\"5ba1b4c3\" data-element_type=\"widget\" data-widget_type=\"heading.default\">\n\t\t\t\t<div class=\"elementor-widget-container\">\n\t\t\t\t\t<h1 class=\"elementor-heading-title elementor-size-default\">Weekend at Deauville spa: a focus on well-being<\/h1>\t\t\t\t<\/div>\n\t\t\t\t<\/div>\n\t\t\t\t<div class=\"elementor-element elementor-element-3d4846b elementor-widget elementor-widget-heading\" data-id=\"3d4846b\" data-element_type=\"widget\" data-widget_type=\"heading.default\">\n\t\t\t\t<div class=\"elementor-widget-container\">\n\t\t\t\t\t<span class=\"elementor-heading-title elementor-size-default\">Discover La Closerie<\/span>\t\t\t\t<\/div>\n\t\t\t\t<\/div>\n\t\t\t\t<div class=\"elementor-element elementor-element-75a5de64 elementor-widget elementor-widget-button\" data-id=\"75a5de64\" data-element_type=\"widget\" data-widget_type=\"button.default\">\n\t\t\t\t<div class=\"elementor-widget-container\">\n\t\t\t\t\t\t\t\t\t<div class=\"elementor-button-wrapper\">\n\t\t\t\t\t<a class=\"elementor-button elementor-button-link elementor-size-sm\" href=\"#suite\">\n\t\t\t\t\t\t<span class=\"elementor-button-content-wrapper\">\n\t\t\t\t\t\t\t\t\t<span class=\"elementor-button-text\">I discover<\/span>\n\t\t\t\t\t<\/span>\n\t\t\t\t\t<\/a>\n\t\t\t\t<\/div>\n\t\t\t\t\t\t\t\t<\/div>\n\t\t\t\t<\/div>\n\t\t\t\t<div class=\"elementor-element elementor-element-19fe3a53 elementor-view-default elementor-widget elementor-widget-icon\" data-id=\"19fe3a53\" data-element_type=\"widget\" data-widget_type=\"icon.default\">\n\t\t\t\t<div class=\"elementor-widget-container\">\n\t\t\t\t\t\t\t<div class=\"elementor-icon-wrapper\">\n\t\t\t<a class=\"elementor-icon\" href=\"#suite\">\n\t\t\t<svg xmlns=\"http:\/\/www.w3.org\/2000\/svg\" width=\"32\" height=\"32\" viewbox=\"0 0 32 32\" fill=\"none\"><path d=\"M31 9.74805L16.7067 24.04C16.6139 24.133 16.5037 24.2066 16.3825 24.2568C16.2612 24.3072 16.1312 24.3331 16 24.3331C15.8688 24.3331 15.7388 24.3072 15.6175 24.2568C15.4963 24.2066 15.3861 24.133 15.2933 24.04L1 9.74805\" stroke=\"white\" stroke-width=\"2\" stroke-linecap=\"round\" stroke-linejoin=\"round\"><\/path><\/svg>\t\t\t<\/a>\n\t\t<\/div>\n\t\t\t\t\t\t<\/div>\n\t\t\t\t<\/div>\n\t\t\t\t\t<\/div>\n\t\t\t\t<\/div>\n\t\t<div class=\"elementor-element elementor-element-315aa362 e-flex e-con-boxed e-con e-parent\" data-id=\"315aa362\" data-element_type=\"container\" id=\"suite\">\n\t\t\t\t\t<div class=\"e-con-inner\">\n\t\t<div class=\"elementor-element elementor-element-2bf1ef0e e-con-full e-flex e-con e-child\" data-id=\"2bf1ef0e\" data-element_type=\"container\">\n\t\t\t\t<div class=\"elementor-element elementor-element-2dbd1eee elementor-widget__width-inherit elementor-widget elementor-widget-image\" data-id=\"2dbd1eee\" data-element_type=\"widget\" data-widget_type=\"image.default\">\n\t\t\t\t<div class=\"elementor-widget-container\">\n\t\t\t\t\t\t\t\t\t\t\t\t\t\t\t<img fetchpriority=\"high\" decoding=\"async\" width=\"800\" height=\"534\" src=\"https:\/\/www.lacloseriedeauville.com\/wp-content\/uploads\/2024\/03\/iStock-176883885-1024x683.jpg\" class=\"attachment-large size-large wp-image-2350\" alt=\"coloured parasols - hotel in deauville with swimming pool\" srcset=\"https:\/\/www.lacloseriedeauville.com\/wp-content\/uploads\/2024\/03\/iStock-176883885-1024x683.jpg 1024w, https:\/\/www.lacloseriedeauville.com\/wp-content\/uploads\/2024\/03\/iStock-176883885-300x200.jpg 300w, https:\/\/www.lacloseriedeauville.com\/wp-content\/uploads\/2024\/03\/iStock-176883885-768x512.jpg 768w, https:\/\/www.lacloseriedeauville.com\/wp-content\/uploads\/2024\/03\/iStock-176883885-18x12.jpg 18w, https:\/\/www.lacloseriedeauville.com\/wp-content\/uploads\/2024\/03\/iStock-176883885.jpg 1254w\" sizes=\"(max-width: 800px) 100vw, 800px\" title=\"\">\t\t\t\t\t\t\t\t\t\t\t\t\t\t\t<\/div>\n\t\t\t\t<\/div>\n\t\t\t\t<\/div>\n\t\t<div class=\"elementor-element elementor-element-dcca8ba e-con-full e-flex e-con e-child\" data-id=\"dcca8ba\" data-element_type=\"container\">\n\t\t<div class=\"elementor-element elementor-element-5f9adc5d e-con-full e-flex e-con e-child\" data-id=\"5f9adc5d\" data-element_type=\"container\">\n\t\t\t\t<div class=\"elementor-element elementor-element-ce0e45f elementor-widget elementor-widget-heading\" data-id=\"ce0e45f\" data-element_type=\"widget\" data-widget_type=\"heading.default\">\n\t\t\t\t<div class=\"elementor-widget-container\">\n\t\t\t\t\t<h2 class=\"elementor-heading-title elementor-size-default\">Recharge your batteries in Deauville<\/h2>\t\t\t\t<\/div>\n\t\t\t\t<\/div>\n\t\t\t\t<div class=\"elementor-element elementor-element-5aa85e3 elementor-widget-divider--view-line elementor-widget elementor-widget-divider\" data-id=\"5aa85e3\" data-element_type=\"widget\" data-widget_type=\"divider.default\">\n\t\t\t\t<div class=\"elementor-widget-container\">\n\t\t\t\t\t\t\t<div class=\"elementor-divider\">\n\t\t\t<span class=\"elementor-divider-separator\">\n\t\t\t\t\t\t<\/span>\n\t\t<\/div>\n\t\t\t\t\t\t<\/div>\n\t\t\t\t<\/div>\n\t\t\t\t<\/div>\n\t\t\t\t<div class=\"elementor-element elementor-element-4a446247 elementor-widget elementor-widget-heading\" data-id=\"4a446247\" data-element_type=\"widget\" data-widget_type=\"heading.default\">\n\t\t\t\t<div class=\"elementor-widget-container\">\n\t\t\t\t\t<p class=\"elementor-heading-title elementor-size-default\">During a spa and discovery weekend in Deauville, travellers will be seduced by the charm of the La Closerie hotel residence. The establishment is a showcase for moments of relaxation and well-being on the C\u00f4te Fleurie, in a dream setting. Ideally located, it offers 4-star facilities and top-of-the-range services for lovers, families and professionals in search of an escape.<\/p>\t\t\t\t<\/div>\n\t\t\t\t<\/div>\n\t\t\t\t<\/div>\n\t\t\t\t\t<\/div>\n\t\t\t\t<\/div>\n\t\t<div class=\"elementor-element elementor-element-4008e677 e-flex e-con-boxed e-con e-parent\" data-id=\"4008e677\" data-element_type=\"container\">\n\t\t\t\t\t<div class=\"e-con-inner\">\n\t\t<div class=\"elementor-element elementor-element-4052eab e-con-full e-flex e-con e-child\" data-id=\"4052eab\" data-element_type=\"container\">\n\t\t<div class=\"elementor-element elementor-element-7061118 e-con-full e-flex e-con e-child\" data-id=\"7061118\" data-element_type=\"container\">\n\t\t\t\t<div class=\"elementor-element elementor-element-422195d2 elementor-widget elementor-widget-heading\" data-id=\"422195d2\" data-element_type=\"widget\" data-widget_type=\"heading.default\">\n\t\t\t\t<div class=\"elementor-widget-container\">\n\t\t\t\t\t<h2 class=\"elementor-heading-title elementor-size-default\">Stay in a 4-star hotel with spa in Deauville<\/h2>\t\t\t\t<\/div>\n\t\t\t\t<\/div>\n\t\t\t\t<div class=\"elementor-element elementor-element-7adc78fd elementor-widget-divider--view-line elementor-widget elementor-widget-divider\" data-id=\"7adc78fd\" data-element_type=\"widget\" data-widget_type=\"divider.default\">\n\t\t\t\t<div class=\"elementor-widget-container\">\n\t\t\t\t\t\t\t<div class=\"elementor-divider\">\n\t\t\t<span class=\"elementor-divider-separator\">\n\t\t\t\t\t\t<\/span>\n\t\t<\/div>\n\t\t\t\t\t\t<\/div>\n\t\t\t\t<\/div>\n\t\t\t\t<\/div>\n\t\t\t\t<div class=\"elementor-element elementor-element-69acf70b elementor-widget elementor-widget-text-editor\" data-id=\"69acf70b\" data-element_type=\"widget\" data-widget_type=\"text-editor.default\">\n\t\t\t\t<div class=\"elementor-widget-container\">\n\t\t\t\t\t\t\t\t\t<p>Whether you're dreaming of a romantic weekend in Deauville or a short break with the family, the La Closerie hotel residence promises you a magical time. The charm begins as soon as you see the pink brick fa\u00e7ade of the building on Avenue de la R\u00e9publique. When you walk through the door, the refined, warm d\u00e9cor echoes the legendary glamour of the seaside resort. Guests' hearts are definitely won over when they discover one of the hotel's most prestigious restaurants. <a href=\"https:\/\/www.lacloseriedeauville.com\/en\/la-closerie-residence\/\">74 rooms and flats<\/a>You'll find the accommodation you need to make the most of your stay on the C\u00f4te Fleurie. Whatever your desires, you'll find the right accommodation to make your stay on the C\u00f4te Fleurie the best it can be. A room with a cocooning style is ideal for a couple's getaway. If you're travelling with family or friends, opt for a <a href=\"https:\/\/www.lacloseriedeauville.com\/en\/residence-la-closerie\/apartment-suite-prestige\/\">flat for up to 7 people<\/a>. From the terrace of your accommodation, admire the racecourse and the streets of the town. Soak up the sun in the calm of your private cocoon. The garden, tucked away at the rear of the hotel, is discreetly revealed to visitors as a sanctuary of tranquillity in the heart of Deauville.<\/p><p>Treat yourself to the luxury of a <a href=\"https:\/\/www.lacloseriedeauville.com\/en\/what-to-do-in-deauville\/\">weekend in Deauville<\/a> to the spa as a break from your hectic daily routine, to reconnect with your sense of well-being. Time stands still, minutes turn into hours, and the body and mind are left to soothe quietly and sustainably. In this way, moments of relaxation become a priority throughout your stay. The professional team devote their efforts to your desire for indulgence and do their utmost to provide you with a unique sensory experience.<\/p>\t\t\t\t\t\t\t\t<\/div>\n\t\t\t\t<\/div>\n\t\t\t\t<\/div>\n\t\t<div class=\"elementor-element elementor-element-6bdb7d9d e-con-full e-flex e-con e-child\" data-id=\"6bdb7d9d\" data-element_type=\"container\">\n\t\t\t\t<div class=\"elementor-element elementor-element-1ca1abbd elementor-widget__width-inherit elementor-widget elementor-widget-image\" data-id=\"1ca1abbd\" data-element_type=\"widget\" data-widget_type=\"image.default\">\n\t\t\t\t<div class=\"elementor-widget-container\">\n\t\t\t\t\t\t\t\t\t\t\t\t\t\t\t<img decoding=\"async\" width=\"800\" height=\"514\" src=\"https:\/\/www.lacloseriedeauville.com\/wp-content\/uploads\/2023\/07\/Sejour-SP-3-1-1024x658.jpg\" class=\"attachment-large size-large wp-image-1282\" alt=\"dining and living room area of the prestige suite in the villa odette deauville\" srcset=\"https:\/\/www.lacloseriedeauville.com\/wp-content\/uploads\/2023\/07\/Sejour-SP-3-1-1024x658.jpg 1024w, https:\/\/www.lacloseriedeauville.com\/wp-content\/uploads\/2023\/07\/Sejour-SP-3-1-300x193.jpg 300w, https:\/\/www.lacloseriedeauville.com\/wp-content\/uploads\/2023\/07\/Sejour-SP-3-1-768x494.jpg 768w, https:\/\/www.lacloseriedeauville.com\/wp-content\/uploads\/2023\/07\/Sejour-SP-3-1-1536x987.jpg 1536w, https:\/\/www.lacloseriedeauville.com\/wp-content\/uploads\/2023\/07\/Sejour-SP-3-1-2048x1316.jpg 2048w, https:\/\/www.lacloseriedeauville.com\/wp-content\/uploads\/2023\/07\/Sejour-SP-3-1-18x12.jpg 18w\" sizes=\"(max-width: 800px) 100vw, 800px\" title=\"\">\t\t\t\t\t\t\t\t\t\t\t\t\t\t\t<\/div>\n\t\t\t\t<\/div>\n\t\t\t\t<\/div>\n\t\t\t\t\t<\/div>\n\t\t\t\t<\/div>\n\t\t<div class=\"elementor-element elementor-element-17e6b45d e-flex e-con-boxed e-con e-parent\" data-id=\"17e6b45d\" data-element_type=\"container\">\n\t\t\t\t\t<div class=\"e-con-inner\">\n\t\t<div class=\"elementor-element elementor-element-7f3f289 e-con-full e-flex e-con e-child\" data-id=\"7f3f289\" data-element_type=\"container\">\n\t\t\t\t<div class=\"elementor-element elementor-element-20c0b8ff elementor-widget__width-inherit elementor-widget elementor-widget-image\" data-id=\"20c0b8ff\" data-element_type=\"widget\" data-widget_type=\"image.default\">\n\t\t\t\t<div class=\"elementor-widget-container\">\n\t\t\t\t\t\t\t\t\t\t\t\t\t\t\t<img decoding=\"async\" width=\"800\" height=\"533\" src=\"https:\/\/www.lacloseriedeauville.com\/wp-content\/uploads\/2023\/07\/Piscine-2-2-1024x682.jpg\" class=\"attachment-large size-large wp-image-783\" alt=\"Swimming pool with water jet - hotel in Deauville with swimming pool\" srcset=\"https:\/\/www.lacloseriedeauville.com\/wp-content\/uploads\/2023\/07\/Piscine-2-2-1024x682.jpg 1024w, https:\/\/www.lacloseriedeauville.com\/wp-content\/uploads\/2023\/07\/Piscine-2-2-300x200.jpg 300w, https:\/\/www.lacloseriedeauville.com\/wp-content\/uploads\/2023\/07\/Piscine-2-2-768x512.jpg 768w, https:\/\/www.lacloseriedeauville.com\/wp-content\/uploads\/2023\/07\/Piscine-2-2-1536x1024.jpg 1536w, https:\/\/www.lacloseriedeauville.com\/wp-content\/uploads\/2023\/07\/Piscine-2-2-2048x1365.jpg 2048w, https:\/\/www.lacloseriedeauville.com\/wp-content\/uploads\/2023\/07\/Piscine-2-2-18x12.jpg 18w\" sizes=\"(max-width: 800px) 100vw, 800px\" title=\"\">\t\t\t\t\t\t\t\t\t\t\t\t\t\t\t<\/div>\n\t\t\t\t<\/div>\n\t\t\t\t<\/div>\n\t\t<div class=\"elementor-element elementor-element-19455890 e-con-full e-flex e-con e-child\" data-id=\"19455890\" data-element_type=\"container\">\n\t\t<div class=\"elementor-element elementor-element-67c9c6d8 e-con-full e-flex e-con e-child\" data-id=\"67c9c6d8\" data-element_type=\"container\">\n\t\t\t\t<div class=\"elementor-element elementor-element-4120e738 elementor-widget elementor-widget-heading\" data-id=\"4120e738\" data-element_type=\"widget\" data-widget_type=\"heading.default\">\n\t\t\t\t<div class=\"elementor-widget-container\">\n\t\t\t\t\t<h2 class=\"elementor-heading-title elementor-size-default\">A weekend at the spa in Deauville: hammam, sauna, jacuzzi and heated swimming pool<\/h2>\t\t\t\t<\/div>\n\t\t\t\t<\/div>\n\t\t\t\t<div class=\"elementor-element elementor-element-62cedce6 elementor-widget-divider--view-line elementor-widget elementor-widget-divider\" data-id=\"62cedce6\" data-element_type=\"widget\" data-widget_type=\"divider.default\">\n\t\t\t\t<div class=\"elementor-widget-container\">\n\t\t\t\t\t\t\t<div class=\"elementor-divider\">\n\t\t\t<span class=\"elementor-divider-separator\">\n\t\t\t\t\t\t<\/span>\n\t\t<\/div>\n\t\t\t\t\t\t<\/div>\n\t\t\t\t<\/div>\n\t\t\t\t<\/div>\n\t\t\t\t<div class=\"elementor-element elementor-element-5cecef99 elementor-widget elementor-widget-text-editor\" data-id=\"5cecef99\" data-element_type=\"widget\" data-widget_type=\"text-editor.default\">\n\t\t\t\t<div class=\"elementor-widget-container\">\n\t\t\t\t\t\t\t\t\t<p>During a weekend at the spa in Deauville, discover <a href=\"https:\/\/www.lacloseriedeauville.com\/en\/wellness-and-spa\/\">wellness area<\/a> of La Closerie and its top-of-the-range services. Dedicated to relaxing and soothing visitors, the comfortable, modern facilities are designed to delight. First of all, the spa offers a complete experience during which guests alternate between dry and wet heat in the sauna, hammam and jacuzzi. Muscles relax, skin is purified, blood circulation is stimulated and stress is relieved. Extend the benefits of relaxation with a dip in the indoor swimming pool, heated all year round, or with a body massage in the cabin, performed by professional masseuses.<\/p><p>Situated 200 metres from the legendary beach with its multicoloured parasols, the La Closerie hotel residence is the ideal holiday destination for an unforgettable stay. <a href=\"https:\/\/www.lacloseriedeauville.com\/en\/activities-deauville\/\">spa weekend in Deauville<\/a>. With your mind and body relaxed, you can explore the town's iconic sites on foot. The casino, the restaurants and their local culinary specialities, Place Morny and the port are all worth a pleasant stroll. The Deauville-La Touques racecourse is also a must for lovers of equestrian sports.\u00a0<\/p>\t\t\t\t\t\t\t\t<\/div>\n\t\t\t\t<\/div>\n\t\t\t\t<\/div>\n\t\t\t\t\t<\/div>\n\t\t\t\t<\/div>\n\t\t<div class=\"elementor-element elementor-element-644b30eb e-flex e-con-boxed e-con e-parent\" data-id=\"644b30eb\" data-element_type=\"container\">\n\t\t\t\t\t<div class=\"e-con-inner\">\n\t\t<div class=\"elementor-element elementor-element-40c8aac3 e-con-full cartes-cta e-flex e-con e-child\" data-id=\"40c8aac3\" data-element_type=\"container\" data-settings=\"{&quot;background_background&quot;:&quot;classic&quot;}\">\n\t\t<div class=\"elementor-element elementor-element-4c94d462 cartes-cta-col e-flex e-con-boxed e-con e-child\" data-id=\"4c94d462\" data-element_type=\"container\">\n\t\t\t\t\t<div class=\"e-con-inner\">\n\t\t\t\t<div class=\"elementor-element elementor-element-5f650460 elementor-widget elementor-widget-heading\" data-id=\"5f650460\" data-element_type=\"widget\" data-widget_type=\"heading.default\">\n\t\t\t\t<div class=\"elementor-widget-container\">\n\t\t\t\t\t<h3 class=\"elementor-heading-title elementor-size-default\">Discover<br> Deauville<\/h3>\t\t\t\t<\/div>\n\t\t\t\t<\/div>\n\t\t\t\t<div class=\"elementor-element elementor-element-2c9fe93f elementor-hidden-tablet elementor-hidden-mobile elementor-view-default elementor-widget elementor-widget-icon\" data-id=\"2c9fe93f\" data-element_type=\"widget\" data-widget_type=\"icon.default\">\n\t\t\t\t<div class=\"elementor-widget-container\">\n\t\t\t\t\t\t\t<div class=\"elementor-icon-wrapper\">\n\t\t\t<div class=\"elementor-icon\">\n\t\t\t<svg xmlns=\"http:\/\/www.w3.org\/2000\/svg\" width=\"25\" height=\"25\" viewbox=\"0 0 25 25\" fill=\"none\"><circle cx=\"12.5\" cy=\"12.5\" r=\"12\" transform=\"rotate(90 12.5 12.5)\" stroke=\"#053759\"><\/circle><path d=\"M18.75 10.3125L12.5 16.5625L6.25 10.3125\" stroke=\"#053759\"><\/path><\/svg>\t\t\t<\/div>\n\t\t<\/div>\n\t\t\t\t\t\t<\/div>\n\t\t\t\t<\/div>\n\t\t\t\t<div class=\"elementor-element elementor-element-349da80e cartes-cta-effet elementor-hidden-tablet elementor-hidden-mobile elementor-widget-divider--view-line elementor-widget elementor-widget-divider\" data-id=\"349da80e\" data-element_type=\"widget\" data-widget_type=\"divider.default\">\n\t\t\t\t<div class=\"elementor-widget-container\">\n\t\t\t\t\t\t\t<div class=\"elementor-divider\">\n\t\t\t<span class=\"elementor-divider-separator\">\n\t\t\t\t\t\t<\/span>\n\t\t<\/div>\n\t\t\t\t\t\t<\/div>\n\t\t\t\t<\/div>\n\t\t\t\t<div class=\"elementor-element elementor-element-3a89b315 elementor-align-center cartes-cta-effet elementor-widget elementor-widget-button\" data-id=\"3a89b315\" data-element_type=\"widget\" data-widget_type=\"button.default\">\n\t\t\t\t<div class=\"elementor-widget-container\">\n\t\t\t\t\t\t\t\t\t<div class=\"elementor-button-wrapper\">\n\t\t\t\t\t<a class=\"elementor-button elementor-button-link elementor-size-sm\" href=\"https:\/\/www.lacloseriedeauville.com\/en\/what-to-do-in-deauville\/\">\n\t\t\t\t\t\t<span class=\"elementor-button-content-wrapper\">\n\t\t\t\t\t\t\t\t\t<span class=\"elementor-button-text\">I discover<\/span>\n\t\t\t\t\t<\/span>\n\t\t\t\t\t<\/a>\n\t\t\t\t<\/div>\n\t\t\t\t\t\t\t\t<\/div>\n\t\t\t\t<\/div>\n\t\t\t\t\t<\/div>\n\t\t\t\t<\/div>\n\t\t\t\t<\/div>\n\t\t<div class=\"elementor-element elementor-element-555bb312 e-con-full cartes-cta e-flex e-con e-child\" data-id=\"555bb312\" data-element_type=\"container\" data-settings=\"{&quot;background_background&quot;:&quot;classic&quot;}\">\n\t\t<div class=\"elementor-element elementor-element-768cbdcf cartes-cta-col e-flex e-con-boxed e-con e-child\" data-id=\"768cbdcf\" data-element_type=\"container\">\n\t\t\t\t\t<div class=\"e-con-inner\">\n\t\t\t\t<div class=\"elementor-element elementor-element-5827a2aa elementor-widget elementor-widget-heading\" data-id=\"5827a2aa\" data-element_type=\"widget\" data-widget_type=\"heading.default\">\n\t\t\t\t<div class=\"elementor-widget-container\">\n\t\t\t\t\t<h3 class=\"elementor-heading-title elementor-size-default\">Activities<br><br><\/h3>\t\t\t\t<\/div>\n\t\t\t\t<\/div>\n\t\t\t\t<div class=\"elementor-element elementor-element-56770c11 elementor-hidden-tablet elementor-hidden-mobile elementor-view-default elementor-widget elementor-widget-icon\" data-id=\"56770c11\" data-element_type=\"widget\" data-widget_type=\"icon.default\">\n\t\t\t\t<div class=\"elementor-widget-container\">\n\t\t\t\t\t\t\t<div class=\"elementor-icon-wrapper\">\n\t\t\t<div class=\"elementor-icon\">\n\t\t\t<svg xmlns=\"http:\/\/www.w3.org\/2000\/svg\" width=\"25\" height=\"25\" viewbox=\"0 0 25 25\" fill=\"none\"><circle cx=\"12.5\" cy=\"12.5\" r=\"12\" transform=\"rotate(90 12.5 12.5)\" stroke=\"#053759\"><\/circle><path d=\"M18.75 10.3125L12.5 16.5625L6.25 10.3125\" stroke=\"#053759\"><\/path><\/svg>\t\t\t<\/div>\n\t\t<\/div>\n\t\t\t\t\t\t<\/div>\n\t\t\t\t<\/div>\n\t\t\t\t<div class=\"elementor-element elementor-element-3f5b5d7c cartes-cta-effet elementor-hidden-tablet elementor-hidden-mobile elementor-widget-divider--view-line elementor-widget elementor-widget-divider\" data-id=\"3f5b5d7c\" data-element_type=\"widget\" data-widget_type=\"divider.default\">\n\t\t\t\t<div class=\"elementor-widget-container\">\n\t\t\t\t\t\t\t<div class=\"elementor-divider\">\n\t\t\t<span class=\"elementor-divider-separator\">\n\t\t\t\t\t\t<\/span>\n\t\t<\/div>\n\t\t\t\t\t\t<\/div>\n\t\t\t\t<\/div>\n\t\t\t\t<div class=\"elementor-element elementor-element-1e6e5cd2 elementor-align-center cartes-cta-effet elementor-widget elementor-widget-button\" data-id=\"1e6e5cd2\" data-element_type=\"widget\" data-widget_type=\"button.default\">\n\t\t\t\t<div class=\"elementor-widget-container\">\n\t\t\t\t\t\t\t\t\t<div class=\"elementor-button-wrapper\">\n\t\t\t\t\t<a class=\"elementor-button elementor-button-link elementor-size-sm\" href=\"https:\/\/www.lacloseriedeauville.com\/en\/activities-deauville\/\">\n\t\t\t\t\t\t<span class=\"elementor-button-content-wrapper\">\n\t\t\t\t\t\t\t\t\t<span class=\"elementor-button-text\">I discover<\/span>\n\t\t\t\t\t<\/span>\n\t\t\t\t\t<\/a>\n\t\t\t\t<\/div>\n\t\t\t\t\t\t\t\t<\/div>\n\t\t\t\t<\/div>\n\t\t\t\t\t<\/div>\n\t\t\t\t<\/div>\n\t\t\t\t<\/div>\n\t\t<div class=\"elementor-element elementor-element-3c310fd8 e-con-full cartes-cta e-flex e-con e-child\" data-id=\"3c310fd8\" data-element_type=\"container\" data-settings=\"{&quot;background_background&quot;:&quot;classic&quot;}\">\n\t\t<div class=\"elementor-element elementor-element-6e648105 cartes-cta-col e-flex e-con-boxed e-con e-child\" data-id=\"6e648105\" data-element_type=\"container\">\n\t\t\t\t\t<div class=\"e-con-inner\">\n\t\t\t\t<div class=\"elementor-element elementor-element-37e1ee1d elementor-widget elementor-widget-heading\" data-id=\"37e1ee1d\" data-element_type=\"widget\" data-widget_type=\"heading.default\">\n\t\t\t\t<div class=\"elementor-widget-container\">\n\t\t\t\t\t<h3 class=\"elementor-heading-title elementor-size-default\">Exhibitions<br><br><\/h3>\t\t\t\t<\/div>\n\t\t\t\t<\/div>\n\t\t\t\t<div class=\"elementor-element elementor-element-4fe62b61 elementor-hidden-tablet elementor-hidden-mobile elementor-view-default elementor-widget elementor-widget-icon\" data-id=\"4fe62b61\" data-element_type=\"widget\" data-widget_type=\"icon.default\">\n\t\t\t\t<div class=\"elementor-widget-container\">\n\t\t\t\t\t\t\t<div class=\"elementor-icon-wrapper\">\n\t\t\t<div class=\"elementor-icon\">\n\t\t\t<svg xmlns=\"http:\/\/www.w3.org\/2000\/svg\" width=\"25\" height=\"25\" viewbox=\"0 0 25 25\" fill=\"none\"><circle cx=\"12.5\" cy=\"12.5\" r=\"12\" transform=\"rotate(90 12.5 12.5)\" stroke=\"#053759\"><\/circle><path d=\"M18.75 10.3125L12.5 16.5625L6.25 10.3125\" stroke=\"#053759\"><\/path><\/svg>\t\t\t<\/div>\n\t\t<\/div>\n\t\t\t\t\t\t<\/div>\n\t\t\t\t<\/div>\n\t\t\t\t<div class=\"elementor-element elementor-element-2ed6c61a cartes-cta-effet elementor-hidden-tablet elementor-hidden-mobile elementor-widget-divider--view-line elementor-widget elementor-widget-divider\" data-id=\"2ed6c61a\" data-element_type=\"widget\" data-widget_type=\"divider.default\">\n\t\t\t\t<div class=\"elementor-widget-container\">\n\t\t\t\t\t\t\t<div class=\"elementor-divider\">\n\t\t\t<span class=\"elementor-divider-separator\">\n\t\t\t\t\t\t<\/span>\n\t\t<\/div>\n\t\t\t\t\t\t<\/div>\n\t\t\t\t<\/div>\n\t\t\t\t<div class=\"elementor-element elementor-element-57ad83ca elementor-align-center cartes-cta-effet elementor-widget elementor-widget-button\" data-id=\"57ad83ca\" data-element_type=\"widget\" data-widget_type=\"button.default\">\n\t\t\t\t<div class=\"elementor-widget-container\">\n\t\t\t\t\t\t\t\t\t<div class=\"elementor-button-wrapper\">\n\t\t\t\t\t<a class=\"elementor-button elementor-button-link elementor-size-sm\" href=\"https:\/\/www.lacloseriedeauville.com\/en\/exhibitions-deauville\/\">\n\t\t\t\t\t\t<span class=\"elementor-button-content-wrapper\">\n\t\t\t\t\t\t\t\t\t<span class=\"elementor-button-text\">I discover<\/span>\n\t\t\t\t\t<\/span>\n\t\t\t\t\t<\/a>\n\t\t\t\t<\/div>\n\t\t\t\t\t\t\t\t<\/div>\n\t\t\t\t<\/div>\n\t\t\t\t\t<\/div>\n\t\t\t\t<\/div>\n\t\t\t\t<\/div>\n\t\t\t\t\t<\/div>\n\t\t\t\t<\/div>\n\t\t\t\t<\/div>","protected":false},"excerpt":{"rendered":"<p>Weekend in Deauville spa: focus on well-being Discover La Closerie I'm discovering Recharge your batteries in Deauville During a weekend in Deauville between spa and discovery, travellers are seduced by the charm of the La Closerie hotel residence. The establishment is a showcase for moments of relaxation and well-being on the C\u00f4te Fleurie in the heart of the [...]<\/p>","protected":false},"author":11,"featured_media":0,"parent":0,"menu_order":0,"comment_status":"closed","ping_status":"closed","template":"","meta":{"inline_featured_image":false,"footnotes":""},"class_list":["post-2348","page","type-page","status-publish","hentry"],"_links":{"self":[{"href":"https:\/\/www.lacloseriedeauville.com\/en\/wp-json\/wp\/v2\/pages\/2348","targetHints":{"allow":["GET"]}}],"collection":[{"href":"https:\/\/www.lacloseriedeauville.com\/en\/wp-json\/wp\/v2\/pages"}],"about":[{"href":"https:\/\/www.lacloseriedeauville.com\/en\/wp-json\/wp\/v2\/types\/page"}],"author":[{"embeddable":true,"href":"https:\/\/www.lacloseriedeauville.com\/en\/wp-json\/wp\/v2\/users\/11"}],"replies":[{"embeddable":true,"href":"https:\/\/www.lacloseriedeauville.com\/en\/wp-json\/wp\/v2\/comments?post=2348"}],"version-history":[{"count":9,"href":"https:\/\/www.lacloseriedeauville.com\/en\/wp-json\/wp\/v2\/pages\/2348\/revisions"}],"predecessor-version":[{"id":2367,"href":"https:\/\/www.lacloseriedeauville.com\/en\/wp-json\/wp\/v2\/pages\/2348\/revisions\/2367"}],"wp:attachment":[{"href":"https:\/\/www.lacloseriedeauville.com\/en\/wp-json\/wp\/v2\/media?parent=2348"}],"curies":[{"name":"wp","href":"https:\/\/api.w.org\/{rel}","templated":true}]}}